{"id":13593,"date":"2022-10-26T16:49:37","date_gmt":"2022-10-26T16:49:37","guid":{"rendered":"http:\/\/www.meltsan.us\/2022\/?page_id=13593"},"modified":"2023-08-13T18:51:33","modified_gmt":"2023-08-13T18:51:33","slug":"cloud-native-app-development","status":"publish","type":"page","link":"https:\/\/www.meltsan.us\/2022\/cloud-native-app-development\/","title":{"rendered":"Cloud Native App Development"},"content":{"rendered":"<p><div class=\"fusion-fullwidth fullwidth-box fusion-builder-row-1 fusion-flex-container has-pattern-background has-mask-background nonhundred-percent-fullwidth non-hundred-percent-height-scrolling fusion-animated\" style=\"--awb-border-radius-top-left:0px;--awb-border-radius-top-right:0px;--awb-border-radius-bottom-right:0px;--awb-border-radius-bottom-left:0px;--awb-margin-bottom-medium:80px;--awb-margin-bottom-small:60px;--awb-flex-wrap:wrap;\" data-animationType=\"fadeInUp\" data-animationDuration=\"1.3\" data-animationOffset=\"top-into-view\" ><div class=\"fusion-builder-row fusion-row fusion-flex-align-items-center fusion-flex-justify-content-center fusion-flex-content-wrap\" style=\"max-width:1248px;margin-left: calc(-4% \/ 2 );margin-right: calc(-4% \/ 2 );\"><div class=\"fusion-layout-column fusion_builder_column fusion-builder-column-0 fusion_builder_column_1_1 1_1 fusion-flex-column fusion-animated\" style=\"--awb-bg-size:cover;--awb-width-large:100%;--awb-margin-top-large:0px;--awb-spacing-right-large:1.92%;--awb-margin-bottom-large:70px;--awb-spacing-left-large:1.92%;--awb-width-medium:100%;--awb-order-medium:0;--awb-spacing-right-medium:1.92%;--awb-spacing-left-medium:1.92%;--awb-width-small:100%;--awb-order-small:0;--awb-spacing-right-small:1.92%;--awb-margin-bottom-small:50px;--awb-spacing-left-small:1.92%;\" data-animationType=\"fadeIn\" data-animationDuration=\"0.3\" data-animationOffset=\"top-into-view\"><div class=\"fusion-column-wrapper fusion-column-has-shadow fusion-flex-justify-content-flex-start fusion-content-layout-column\"><div class=\"fusion-title title fusion-title-1 fusion-sep-none fusion-title-center fusion-title-text fusion-title-size-one\"><h1 class=\"fusion-title-heading title-heading-center fusion-responsive-typography-calculated\" style=\"margin:0;--fontSize:50;line-height:var(--awb-typography1-line-height);\">Cloud Native App Development<\/h1><\/div><div class=\"fusion-text fusion-text-1 fusion-text-no-margin\" style=\"--awb-content-alignment:justify;--awb-text-color:#000000;--awb-margin-right:5%;--awb-margin-left:5%;\"><p>Hemos creado +15000 aplicaciones en los \u00faltimos 14 a\u00f1os, participando desde la generaci\u00f3n conceptual de la soluci\u00f3n hasta la ejecuci\u00f3n y puesta en producci\u00f3n de la misma, definiendo la arquitectura a utilizar, y considerando las plataformas que mejor funcionen para la estrategia de transformaci\u00f3n digital de la empresa.<\/p>\n<p>Cuando su organizaci\u00f3n necesita desarrollar una nueva aplicaci\u00f3n, no hay mejor estrategia que hacerlo en Cloud, y Meltsan Solutions te ayudar\u00e1 a desarrollar una aplicaci\u00f3n m\u00f3vil o web personalizada, haciendo uso de APIs y servicios de back-end. Entre los principales tipos de deesarrollo con los que podemos ayudarte tenemos:<\/p>\n<\/div><\/div><\/div><\/div><\/div><div class=\"fusion-fullwidth fullwidth-box fusion-builder-row-2 fusion-flex-container has-pattern-background has-mask-background fusion-parallax-none hundred-percent-fullwidth non-hundred-percent-height-scrolling\" style=\"--awb-background-position:left top;--awb-background-repeat:repeat;--awb-background-blend-mode:overlay;--awb-border-sizes-top:0px;--awb-border-sizes-bottom:0px;--awb-border-sizes-left:0px;--awb-border-sizes-right:0px;--awb-border-radius-top-left:0px;--awb-border-radius-top-right:0px;--awb-border-radius-bottom-right:0px;--awb-border-radius-bottom-left:0px;--awb-padding-top:80px;--awb-padding-bottom:30px;--awb-background-color:hsla(var(--awb-color1-h),var(--awb-color1-s),var(--awb-color1-l),calc( var(--awb-color1-a) - 50% ));--awb-background-image:url(&quot;http:\/\/www.meltsan.us\/2022\/wp-content\/uploads\/2014\/10\/bkgd_lines.jpg&quot;);--awb-flex-wrap:wrap;\" ><div class=\"fusion-builder-row fusion-row fusion-flex-align-items-flex-start fusion-flex-content-wrap\" style=\"width:104% !important;max-width:104% !important;margin-left: calc(-4% \/ 2 );margin-right: calc(-4% \/ 2 );\"><div class=\"fusion-layout-column fusion_builder_column fusion-builder-column-1 fusion_builder_column_1_1 1_1 fusion-flex-column\" style=\"--awb-bg-blend:overlay;--awb-bg-size:cover;--awb-width-large:100%;--awb-margin-top-large:0px;--awb-spacing-right-large:1.92%;--awb-margin-bottom-large:20px;--awb-spacing-left-large:2.56%;--awb-width-medium:100%;--awb-spacing-right-medium:1.92%;--awb-spacing-left-medium:2.56%;--awb-width-small:100%;--awb-spacing-right-small:1.92%;--awb-spacing-left-small:1.92%;\"><div class=\"fusion-column-wrapper fusion-flex-justify-content-flex-start fusion-content-layout-column\"><div class=\"fusion-flip-boxes flip-boxes row fusion-columns-5 flip-effect-classic equal-heights\"><div class=\"fusion-flip-box-wrapper col-lg-2 col-md-2 col-sm-2\"><div class=\"fusion-flip-box flip-right\" tabindex=\"0\"><div class=\"flip-box-inner-wrapper\"><div class=\"flip-box-front\" style=\"--awb-icon-color:var(--awb-color5);--awb-border-size:0px;--awb-border-radius:4px;--awb-background-color-front:hsla(var(--awb-color8-h),var(--awb-color8-s),var(--awb-color8-l),calc( var(--awb-color8-a) - 95% ));--awb-title-front-color:var(--awb-color7);--awb-text-front-color:var(--awb-color5);\"><div class=\"flip-box-front-inner\"><div class=\"flip-box-grafix flip-box-image\"><img decoding=\"async\" src=\"http:\/\/www.meltsan.us\/2022\/wp-content\/uploads\/2022\/10\/movil-dev.gif\" width=\"76\" height=\"76\" alt=\"Mobile App Development\" \/><\/div><h5 class=\"flip-box-heading without-text\">Mobile App Development<\/h5><\/div><\/div><div class=\"flip-box-back\" style=\"--awb-icon-color:var(--awb-color5);--awb-border-size:0px;--awb-border-radius:4px;--awb-background-color-back:var(--awb-color4);--awb-title-back-color:var(--awb-color2);--awb-text-back-color:var(--awb-color7);\"><div class=\"flip-box-back-inner\">\n<p style=\"text-align: left;\">Ya sea que necesite una plataforma m\u00f3vil en IOS, Android o una soluci\u00f3n <em>cross platform<\/em>, verdaderamente nativa o una base de c\u00f3digo com\u00fan que sea port\u00e1til entre plataformas, Meltsan Solutions puede ayudarlo. Nuestros equipos tienen experiencia con los marcos de desarrollo de plataformas m\u00f3viles que hacen uso de servicios que est\u00e1n disponibles en Cloud.<\/p>\n<\/div><\/div><\/div><\/div><\/div><div class=\"fusion-flip-box-wrapper col-lg-2 col-md-2 col-sm-2\"><div class=\"fusion-flip-box flip-right\" tabindex=\"0\"><div class=\"flip-box-inner-wrapper\"><div class=\"flip-box-front\" style=\"--awb-icon-color:var(--awb-color5);--awb-border-size:0px;--awb-border-radius:4px;--awb-background-color-front:hsla(var(--awb-color8-h),var(--awb-color8-s),var(--awb-color8-l),calc( var(--awb-color8-a) - 95% ));--awb-title-front-color:var(--awb-color7);--awb-text-front-color:var(--awb-color5);\"><div class=\"flip-box-front-inner\"><div class=\"flip-box-grafix flip-box-image\"><img decoding=\"async\" src=\"http:\/\/www.meltsan.us\/2022\/wp-content\/uploads\/2022\/10\/api-gata.gif\" width=\"76\" height=\"76\" alt=\"Cloud API Gateways\" \/><\/div><h5 class=\"flip-box-heading without-text\">Cloud API Gateways<\/h5><\/div><\/div><div class=\"flip-box-back\" style=\"--awb-icon-color:var(--awb-color5);--awb-border-size:0px;--awb-border-radius:4px;--awb-background-color-back:var(--awb-color4);--awb-title-back-color:var(--awb-color2);--awb-text-back-color:var(--awb-color7);\"><div class=\"flip-box-back-inner\">\n<p style=\"text-align: left;\">Integraci\u00f3n con plataformas de API Management con las marcas m\u00e1s competitivas del mercado usando protocolos abiertos pero seguros para gobernar el ciclo de vida compelto de APIs desde su dise\u00f1o hasta su despliegue y monitoreo en operaci\u00f3n productiva. Nos especializamos en desacoplar cada capa por funcionalidad y aprovechar los servicios ya sistemas existentes del cliente, servicios nuevos y legados, para exponerlos hacia canales digitales internos y externos al corporativo del cliente.<\/p>\n<\/div><\/div><\/div><\/div><\/div><div class=\"fusion-flip-box-wrapper col-lg-2 col-md-2 col-sm-2\"><div class=\"fusion-flip-box flip-right\" tabindex=\"0\"><div class=\"flip-box-inner-wrapper\"><div class=\"flip-box-front\" style=\"--awb-icon-color:var(--awb-color5);--awb-border-size:0px;--awb-border-radius:4px;--awb-background-color-front:hsla(var(--awb-color8-h),var(--awb-color8-s),var(--awb-color8-l),calc( var(--awb-color8-a) - 95% ));--awb-title-front-color:var(--awb-color7);--awb-text-front-color:var(--awb-color5);\"><div class=\"flip-box-front-inner\"><div class=\"flip-box-grafix flip-box-image\"><img decoding=\"async\" src=\"http:\/\/www.meltsan.us\/2022\/wp-content\/uploads\/2022\/10\/micro.gif\" width=\"76\" height=\"76\" alt=\"Microservice Development\" \/><\/div><h5 class=\"flip-box-heading without-text\">Microservice Development<\/h5><\/div><\/div><div class=\"flip-box-back\" style=\"--awb-icon-color:var(--awb-color5);--awb-border-size:0px;--awb-border-radius:4px;--awb-background-color-back:var(--awb-color4);--awb-title-back-color:var(--awb-color2);--awb-text-back-color:var(--awb-color7);\"><div class=\"flip-box-back-inner\">\n<p style=\"text-align: left;\">Pocas empresas entienden realmente lo que significa hacer uso de microservicios que cumplen con los est\u00e1ndares: un microservicio tiene su propia API y su propia fuente de datos aislada. Meltsan Solutions, como una organizaci\u00f3n experta en soluciones Cloud, te puede ayudar con la creaci\u00f3n de microservicios realmente alineados a las mejores pr\u00e1cticas, apoy\u00e1ndose en herramientas de desarrollo especializadas.<\/p>\n<\/div><\/div><\/div><\/div><\/div><div class=\"fusion-flip-box-wrapper col-lg-2 col-md-2 col-sm-2\"><div class=\"fusion-flip-box flip-right\" tabindex=\"0\"><div class=\"flip-box-inner-wrapper\"><div class=\"flip-box-front\" style=\"--awb-icon-color:var(--awb-color5);--awb-border-size:0px;--awb-border-radius:4px;--awb-background-color-front:hsla(var(--awb-color8-h),var(--awb-color8-s),var(--awb-color8-l),calc( var(--awb-color8-a) - 95% ));--awb-title-front-color:var(--awb-color7);--awb-text-front-color:var(--awb-color5);\"><div class=\"flip-box-front-inner\"><div class=\"flip-box-grafix flip-box-image\"><img decoding=\"async\" src=\"http:\/\/www.meltsan.us\/2022\/wp-content\/uploads\/2022\/10\/server.gif\" width=\"76\" height=\"76\" alt=\"Serverless Applications\" \/><\/div><h5 class=\"flip-box-heading without-text\">Serverless Applications<\/h5><\/div><\/div><div class=\"flip-box-back\" style=\"--awb-icon-color:var(--awb-color5);--awb-border-size:0px;--awb-border-radius:4px;--awb-background-color-back:var(--awb-color4);--awb-title-back-color:var(--awb-color2);--awb-text-back-color:var(--awb-color7);\"><div class=\"flip-box-back-inner\">\n<p style=\"text-align: left;\">Para las aplicaciones m\u00e1s ligeras y de bajo costo, el desarrollo de <em>Cloud Functions<\/em> pueden ser una excelente opci\u00f3n para alcanzar sus objetivos. Paga s\u00f3lo por lo que usas, y las funciones s\u00f3lo se ejecutan cuando se usa tu aplicaci\u00f3n.<\/p>\n<\/div><\/div><\/div><\/div><\/div><div class=\"fusion-flip-box-wrapper col-lg-2 col-md-2 col-sm-2\"><div class=\"fusion-flip-box flip-right\" tabindex=\"0\"><div class=\"flip-box-inner-wrapper\"><div class=\"flip-box-front\" style=\"--awb-icon-color:var(--awb-color5);--awb-border-size:0px;--awb-border-radius:4px;--awb-background-color-front:hsla(var(--awb-color8-h),var(--awb-color8-s),var(--awb-color8-l),calc( var(--awb-color8-a) - 95% ));--awb-title-front-color:var(--awb-color7);--awb-text-front-color:var(--awb-color5);\"><div class=\"flip-box-front-inner\"><div class=\"flip-box-grafix flip-box-image\"><img decoding=\"async\" src=\"http:\/\/www.meltsan.us\/2022\/wp-content\/uploads\/2022\/10\/mas-areas.gif\" width=\"76\" height=\"76\" alt=\"Otras \u00e1reas complementarias\" \/><\/div><h5 class=\"flip-box-heading without-text\">Otras \u00e1reas complementarias<\/h5><\/div><\/div><div class=\"flip-box-back\" style=\"--awb-icon-color:var(--awb-color5);--awb-border-size:0px;--awb-border-radius:4px;--awb-background-color-back:var(--awb-color4);--awb-title-back-color:var(--awb-color2);--awb-text-back-color:var(--awb-color7);\"><div class=\"flip-box-back-inner\">\n<p style=\"text-align: left;\">UX -User Experience Desing \/ UI User Interface<\/p>\n<p style=\"text-align: left;\">Seguridad (OTP, OAuth, Assessments de vulnerabilidad, Seguridad en servicios web)<\/p>\n<\/div><\/div><\/div><\/div><\/div><\/div><\/div><\/div><\/div><\/div><\/p>\n","protected":false},"excerpt":{"rendered":"","protected":false},"author":1,"featured_media":13798,"parent":0,"menu_order":0,"comment_status":"closed","ping_status":"closed","template":"100-width.php","meta":{"footnotes":""},"_links":{"self":[{"href":"https:\/\/www.meltsan.us\/2022\/wp-json\/wp\/v2\/pages\/13593"}],"collection":[{"href":"https:\/\/www.meltsan.us\/2022\/wp-json\/wp\/v2\/pages"}],"about":[{"href":"https:\/\/www.meltsan.us\/2022\/wp-json\/wp\/v2\/types\/page"}],"author":[{"embeddable":true,"href":"https:\/\/www.meltsan.us\/2022\/wp-json\/wp\/v2\/users\/1"}],"replies":[{"embeddable":true,"href":"https:\/\/www.meltsan.us\/2022\/wp-json\/wp\/v2\/comments?post=13593"}],"version-history":[{"count":2,"href":"https:\/\/www.meltsan.us\/2022\/wp-json\/wp\/v2\/pages\/13593\/revisions"}],"predecessor-version":[{"id":15887,"href":"https:\/\/www.meltsan.us\/2022\/wp-json\/wp\/v2\/pages\/13593\/revisions\/15887"}],"wp:featuredmedia":[{"embeddable":true,"href":"https:\/\/www.meltsan.us\/2022\/wp-json\/wp\/v2\/media\/13798"}],"wp:attachment":[{"href":"https:\/\/www.meltsan.us\/2022\/wp-json\/wp\/v2\/media?parent=13593"}],"curies":[{"name":"wp","href":"https:\/\/api.w.org\/{rel}","templated":true}]}}