{"id":13627,"date":"2022-10-26T17:32:22","date_gmt":"2022-10-26T17:32:22","guid":{"rendered":"http:\/\/www.meltsan.us\/2022\/?page_id=13627"},"modified":"2023-08-31T18:37:52","modified_gmt":"2023-08-31T18:37:52","slug":"application-modernization","status":"publish","type":"page","link":"https:\/\/www.meltsan.us\/2022\/application-modernization\/","title":{"rendered":"Application Modernization"},"content":{"rendered":"<p><div class=\"fusion-fullwidth fullwidth-box fusion-builder-row-1 fusion-flex-container has-pattern-background has-mask-background nonhundred-percent-fullwidth non-hundred-percent-height-scrolling fusion-animated\" style=\"--awb-border-radius-top-left:0px;--awb-border-radius-top-right:0px;--awb-border-radius-bottom-right:0px;--awb-border-radius-bottom-left:0px;--awb-margin-bottom:50px;--awb-margin-bottom-medium:80px;--awb-margin-bottom-small:60px;--awb-flex-wrap:wrap;\" data-animationType=\"fadeInUp\" data-animationDuration=\"1.3\" data-animationOffset=\"top-into-view\" ><div class=\"fusion-builder-row fusion-row fusion-flex-align-items-center fusion-flex-justify-content-center fusion-flex-content-wrap\" style=\"max-width:1248px;margin-left: calc(-4% \/ 2 );margin-right: calc(-4% \/ 2 );\"><div class=\"fusion-layout-column fusion_builder_column fusion-builder-column-0 fusion_builder_column_1_1 1_1 fusion-flex-column fusion-animated\" style=\"--awb-bg-size:cover;--awb-width-large:100%;--awb-margin-top-large:0px;--awb-spacing-right-large:1.92%;--awb-margin-bottom-large:70px;--awb-spacing-left-large:1.92%;--awb-width-medium:100%;--awb-order-medium:0;--awb-spacing-right-medium:1.92%;--awb-spacing-left-medium:1.92%;--awb-width-small:100%;--awb-order-small:0;--awb-spacing-right-small:1.344%;--awb-margin-bottom-small:0px;--awb-spacing-left-small:1.92%;\" data-animationType=\"fadeIn\" data-animationDuration=\"0.3\" data-animationOffset=\"top-into-view\"><div class=\"fusion-column-wrapper fusion-column-has-shadow fusion-flex-justify-content-flex-start fusion-content-layout-column\"><div class=\"fusion-title title fusion-title-1 fusion-sep-none fusion-title-center fusion-title-text fusion-title-size-one\"><h1 class=\"fusion-title-heading title-heading-center fusion-responsive-typography-calculated\" style=\"margin:0;--fontSize:50;line-height:var(--awb-typography1-line-height);\">Application Modernization<\/h1><\/div><div class=\"fusion-text fusion-text-1 fusion-text-no-margin\" style=\"--awb-content-alignment:justify;--awb-text-color:#000000;\"><p>Actualice sus aplicaciones y bases de datos para experimentar las ventajas de la arquitectura de aplicaciones moderna y servicios nativos en Cloud. Adoptar estos avances tecnol\u00f3gicos minimiza la deuda t\u00e9cnica que se pudiera adquirir en el desarrollo de aplicaciones, integrando innovaci\u00f3n al negocio y desarrolladores m\u00e1s felices. Con la construcci\u00f3n de herramientas de orquestaci\u00f3n de contenedores, Meltsan Solutions tiene una gran experiencia para ayudarlo a acelerar la actualizaci\u00f3n de c\u00f3digo y aprovechar las oportunidades del mercado. La modernizaci\u00f3n toma ventaja de las siguientes tecnolog\u00edas innovadoras<\/p>\n<\/div><\/div><\/div><\/div><\/div><div class=\"fusion-fullwidth fullwidth-box fusion-builder-row-2 fusion-flex-container has-pattern-background has-mask-background hundred-percent-fullwidth non-hundred-percent-height-scrolling fusion-animated\" style=\"--awb-border-radius-top-left:0px;--awb-border-radius-top-right:0px;--awb-border-radius-bottom-right:0px;--awb-border-radius-bottom-left:0px;--awb-margin-bottom:60px;--awb-margin-bottom-medium:80px;--awb-margin-bottom-small:60px;--awb-flex-wrap:wrap;\" data-animationType=\"fadeInUp\" data-animationDuration=\"1.3\" data-animationOffset=\"top-into-view\" ><div class=\"fusion-builder-row fusion-row fusion-flex-align-items-center fusion-flex-justify-content-center fusion-flex-content-wrap\" style=\"width:104% !important;max-width:104% !important;margin-left: calc(-4% \/ 2 );margin-right: calc(-4% \/ 2 );\"><div class=\"fusion-layout-column fusion_builder_column fusion-builder-column-1 fusion_builder_column_1_2 1_2 fusion-flex-column fusion-no-medium-visibility fusion-no-large-visibility\" style=\"--awb-padding-top-small:0px;--awb-bg-size:cover;--awb-width-large:50%;--awb-margin-top-large:0px;--awb-spacing-right-large:3.84%;--awb-margin-bottom-large:0px;--awb-spacing-left-large:3.84%;--awb-width-medium:40%;--awb-order-medium:0;--awb-spacing-right-medium:4.8%;--awb-spacing-left-medium:4.8%;--awb-width-small:100%;--awb-order-small:0;--awb-margin-top-small:0px;--awb-spacing-right-small:1.92%;--awb-margin-bottom-small:60px;--awb-spacing-left-small:1.92%;\"><div class=\"fusion-column-wrapper fusion-column-has-shadow fusion-flex-justify-content-flex-start fusion-content-layout-column\"><div class=\"fusion-image-element \" style=\"--awb-caption-title-font-family:var(--h2_typography-font-family);--awb-caption-title-font-weight:var(--h2_typography-font-weight);--awb-caption-title-font-style:var(--h2_typography-font-style);--awb-caption-title-size:var(--h2_typography-font-size);--awb-caption-title-transform:var(--h2_typography-text-transform);--awb-caption-title-line-height:var(--h2_typography-line-height);--awb-caption-title-letter-spacing:var(--h2_typography-letter-spacing);\"><span class=\" fusion-imageframe imageframe-none imageframe-1 hover-type-none\"><img decoding=\"async\" width=\"1500\" height=\"1500\" alt=\"Meltsan Solutions\" title=\"Meltsan Solutions\" src=\"http:\/\/www.meltsan.us\/2022\/wp-content\/uploads\/2023\/01\/meltsan-nave2.png\" class=\"img-responsive wp-image-14807\" srcset=\"https:\/\/www.meltsan.us\/2022\/wp-content\/uploads\/2023\/01\/meltsan-nave2-200x200.png 200w, https:\/\/www.meltsan.us\/2022\/wp-content\/uploads\/2023\/01\/meltsan-nave2-400x400.png 400w, https:\/\/www.meltsan.us\/2022\/wp-content\/uploads\/2023\/01\/meltsan-nave2-600x600.png 600w, https:\/\/www.meltsan.us\/2022\/wp-content\/uploads\/2023\/01\/meltsan-nave2-800x800.png 800w, https:\/\/www.meltsan.us\/2022\/wp-content\/uploads\/2023\/01\/meltsan-nave2-1200x1200.png 1200w, https:\/\/www.meltsan.us\/2022\/wp-content\/uploads\/2023\/01\/meltsan-nave2.png 1500w\" sizes=\"(max-width: 640px) 100vw, 600px\" \/><\/span><\/div><\/div><\/div><div class=\"fusion-layout-column fusion_builder_column fusion-builder-column-2 fusion_builder_column_3_5 3_5 fusion-flex-column fusion-no-small-visibility\" style=\"--awb-bg-size:cover;--awb-width-large:60%;--awb-margin-top-large:0px;--awb-spacing-right-large:3.2%;--awb-margin-bottom-large:0px;--awb-spacing-left-large:3.2%;--awb-width-medium:40%;--awb-order-medium:0;--awb-spacing-right-medium:4.8%;--awb-spacing-left-medium:4.8%;--awb-width-small:100%;--awb-order-small:0;--awb-spacing-right-small:1.92%;--awb-margin-bottom-small:60px;--awb-spacing-left-small:1.92%;\"><div class=\"fusion-column-wrapper fusion-column-has-shadow fusion-flex-justify-content-flex-start fusion-content-layout-column\"><div class=\"fusion-image-element \" style=\"--awb-caption-title-font-family:var(--h2_typography-font-family);--awb-caption-title-font-weight:var(--h2_typography-font-weight);--awb-caption-title-font-style:var(--h2_typography-font-style);--awb-caption-title-size:var(--h2_typography-font-size);--awb-caption-title-transform:var(--h2_typography-text-transform);--awb-caption-title-line-height:var(--h2_typography-line-height);--awb-caption-title-letter-spacing:var(--h2_typography-letter-spacing);\"><span class=\" fusion-imageframe imageframe-none imageframe-2 hover-type-none\"><img decoding=\"async\" width=\"2500\" height=\"1500\" alt=\"Meltsan Solutions\" title=\"Meltsan Solutions\" src=\"http:\/\/www.meltsan.us\/2022\/wp-content\/uploads\/2023\/01\/melsan-nave.png\" class=\"img-responsive wp-image-14806\" srcset=\"https:\/\/www.meltsan.us\/2022\/wp-content\/uploads\/2023\/01\/melsan-nave-200x120.png 200w, https:\/\/www.meltsan.us\/2022\/wp-content\/uploads\/2023\/01\/melsan-nave-400x240.png 400w, https:\/\/www.meltsan.us\/2022\/wp-content\/uploads\/2023\/01\/melsan-nave-600x360.png 600w, https:\/\/www.meltsan.us\/2022\/wp-content\/uploads\/2023\/01\/melsan-nave-800x480.png 800w, https:\/\/www.meltsan.us\/2022\/wp-content\/uploads\/2023\/01\/melsan-nave-1200x720.png 1200w, https:\/\/www.meltsan.us\/2022\/wp-content\/uploads\/2023\/01\/melsan-nave.png 2500w\" sizes=\"(max-width: 640px) 100vw, 800px\" \/><\/span><\/div><\/div><\/div><div class=\"fusion-layout-column fusion_builder_column fusion-builder-column-3 fusion_builder_column_2_5 2_5 fusion-flex-column\" style=\"--awb-padding-right-medium:0px;--awb-padding-left-medium:0px;--awb-bg-size:cover;--awb-width-large:40%;--awb-margin-top-large:0px;--awb-spacing-right-large:110px;--awb-margin-bottom-large:0px;--awb-spacing-left-large:4.8%;--awb-width-medium:60%;--awb-order-medium:0;--awb-spacing-right-medium:110px;--awb-spacing-left-medium:3.2%;--awb-width-small:100%;--awb-order-small:1;--awb-spacing-right-small:1.92%;--awb-margin-bottom-small:0px;--awb-spacing-left-small:1.92%;\"><div class=\"fusion-column-wrapper fusion-column-has-shadow fusion-flex-justify-content-center fusion-content-layout-column\"><div class=\"fusion-title title fusion-title-2 fusion-sep-none fusion-title-text fusion-title-size-four\" style=\"--awb-text-color:var(--awb-color8);--awb-margin-top:0px;\"><h4 class=\"fusion-title-heading title-heading-left fusion-responsive-typography-calculated\" style=\"margin:0;--fontSize:25;line-height:var(--awb-typography1-line-height);\">Tecnolog\u00edas innovadoras:<\/h4><\/div><ul style=\"--awb-iconcolor:#2a9d8f;--awb-textcolor:var(--awb-color7);--awb-line-height:27.2px;--awb-icon-width:27.2px;--awb-icon-height:27.2px;--awb-icon-margin:11.2px;--awb-content-margin:38.4px;\" class=\"fusion-checklist fusion-checklist-1 fusion-checklist-default type-icons\"><li class=\"fusion-li-item\" style=\"\"><span class=\"icon-wrapper circle-no\"><i class=\"fusion-li-icon fa-check fas\" aria-hidden=\"true\"><\/i><\/span><div class=\"fusion-li-item-content\">\n<p>Managed Database Services<\/p>\n<\/div><\/li><li class=\"fusion-li-item\" style=\"\"><span class=\"icon-wrapper circle-no\"><i class=\"fusion-li-icon fa-check fas\" aria-hidden=\"true\"><\/i><\/span><div class=\"fusion-li-item-content\">\n<p>Containerized application components<\/p>\n<\/div><\/li><li class=\"fusion-li-item\" style=\"\"><span class=\"icon-wrapper circle-no\"><i class=\"fusion-li-icon fa-check fas\" aria-hidden=\"true\"><\/i><\/span><div class=\"fusion-li-item-content\">\n<p>De-coupled microservices architecture<\/p>\n<\/div><\/li><li class=\"fusion-li-item\" style=\"\"><span class=\"icon-wrapper circle-no\"><i class=\"fusion-li-icon fa-check fas\" aria-hidden=\"true\"><\/i><\/span><div class=\"fusion-li-item-content\">\n<p>CloudMap for service discovery<\/p>\n<\/div><\/li><li class=\"fusion-li-item\" style=\"\"><span class=\"icon-wrapper circle-no\"><i class=\"fusion-li-icon fa-check fas\" aria-hidden=\"true\"><\/i><\/span><div class=\"fusion-li-item-content\">\n<p>Cloud API Gateway for consistent interfaces<\/p>\n<\/div><\/li><\/ul><\/div><\/div><\/div><\/div><div class=\"fusion-fullwidth fullwidth-box fusion-builder-row-3 fusion-flex-container has-pattern-background has-mask-background fusion-parallax-none hundred-percent-fullwidth non-hundred-percent-height-scrolling\" style=\"--awb-background-position:left top;--awb-background-repeat:repeat;--awb-background-blend-mode:overlay;--awb-border-sizes-top:0px;--awb-border-sizes-bottom:0px;--awb-border-sizes-left:0px;--awb-border-sizes-right:0px;--awb-border-radius-top-left:0px;--awb-border-radius-top-right:0px;--awb-border-radius-bottom-right:0px;--awb-border-radius-bottom-left:0px;--awb-padding-top:80px;--awb-padding-bottom:30px;--awb-background-color:hsla(var(--awb-color1-h),var(--awb-color1-s),var(--awb-color1-l),calc( var(--awb-color1-a) - 50% ));--awb-background-image:url(&quot;http:\/\/www.meltsan.us\/2022\/wp-content\/uploads\/2014\/10\/bkgd_lines.jpg&quot;);--awb-flex-wrap:wrap;\" ><div class=\"fusion-builder-row fusion-row fusion-flex-align-items-flex-start fusion-flex-content-wrap\" style=\"width:104% !important;max-width:104% !important;margin-left: calc(-4% \/ 2 );margin-right: calc(-4% \/ 2 );\"><div class=\"fusion-layout-column fusion_builder_column fusion-builder-column-4 fusion_builder_column_1_1 1_1 fusion-flex-column\" style=\"--awb-bg-blend:overlay;--awb-bg-size:cover;--awb-width-large:100%;--awb-margin-top-large:0px;--awb-spacing-right-large:1.92%;--awb-margin-bottom-large:20px;--awb-spacing-left-large:2.56%;--awb-width-medium:100%;--awb-spacing-right-medium:1.92%;--awb-spacing-left-medium:2.56%;--awb-width-small:100%;--awb-spacing-right-small:1.92%;--awb-spacing-left-small:1.92%;\"><div class=\"fusion-column-wrapper fusion-flex-justify-content-flex-start fusion-content-layout-column\"><div class=\"fusion-title title fusion-title-3 fusion-sep-none fusion-title-center fusion-title-text fusion-title-size-two\"><h2 class=\"fusion-title-heading title-heading-center fusion-responsive-typography-calculated\" style=\"margin:0;--fontSize:35;line-height:var(--awb-typography1-line-height);\">Te ayudamos en las siguientes \u00e1reas de especializaci\u00f3n<\/h2><\/div><div class=\"fusion-flip-boxes flip-boxes row fusion-columns-4 flip-effect-classic equal-heights\"><div class=\"fusion-flip-box-wrapper fusion-column col-lg-3 col-md-3 col-sm-3\"><div class=\"fusion-flip-box flip-right\" tabindex=\"0\"><div class=\"flip-box-inner-wrapper\"><div class=\"flip-box-front\" style=\"--awb-icon-color:var(--awb-color5);--awb-border-size:0px;--awb-border-radius:4px;--awb-background-color-front:hsla(var(--awb-color8-h),var(--awb-color8-s),var(--awb-color8-l),calc( var(--awb-color8-a) - 95% ));--awb-title-front-color:var(--awb-color7);--awb-text-front-color:var(--awb-color5);\"><div class=\"flip-box-front-inner\"><div class=\"flip-box-grafix flip-box-image\"><img decoding=\"async\" src=\"http:\/\/www.meltsan.us\/2022\/wp-content\/uploads\/2022\/10\/ENGRANES-1.gif\" width=\"76\" height=\"76\" alt=\"Refactoring\" \/><\/div><h5 class=\"flip-box-heading without-text\">Refactoring<\/h5><\/div><\/div><div class=\"flip-box-back\" style=\"--awb-icon-color:var(--awb-color5);--awb-border-size:0px;--awb-border-radius:4px;--awb-background-color-back:var(--awb-color4);--awb-title-back-color:var(--awb-color2);--awb-text-back-color:var(--awb-color7);\"><div class=\"flip-box-back-inner\">\n<p style=\"text-align: left;\">Meltsan Solutions lo ayudar\u00e1 a transformar sus aplicaciones monol\u00edticas en una arquitectura orientada a microservicios, haciendo m\u00e1s \u00e1gil el desarrollo de aplicaciones y fomentando la innovaci\u00f3n en sus desarrolladores. Juntos, resolveremos el gran problema de la famosa deuda t\u00e9cnica que muchas veces se deriva de un requerimiento de time-to-market, desarrollando un c\u00f3digo limpio y mantenible.<\/p>\n<\/div><\/div><\/div><\/div><\/div><div class=\"fusion-flip-box-wrapper fusion-column col-lg-3 col-md-3 col-sm-3\"><div class=\"fusion-flip-box flip-right\" tabindex=\"0\"><div class=\"flip-box-inner-wrapper\"><div class=\"flip-box-front\" style=\"--awb-icon-color:var(--awb-color5);--awb-border-size:0px;--awb-border-radius:4px;--awb-background-color-front:hsla(var(--awb-color8-h),var(--awb-color8-s),var(--awb-color8-l),calc( var(--awb-color8-a) - 95% ));--awb-title-front-color:var(--awb-color7);--awb-text-front-color:var(--awb-color5);\"><div class=\"flip-box-front-inner\"><div class=\"flip-box-grafix flip-box-image\"><img decoding=\"async\" src=\"http:\/\/www.meltsan.us\/2022\/wp-content\/uploads\/2022\/10\/CONTAINER.gif\" width=\"68\" height=\"68\" alt=\"Container Adoption\" \/><\/div><h5 class=\"flip-box-heading without-text\">Container Adoption<\/h5><\/div><\/div><div class=\"flip-box-back\" style=\"--awb-icon-color:var(--awb-color5);--awb-border-size:0px;--awb-border-radius:4px;--awb-background-color-back:hsla(calc(var(--awb-color3-h) + 335),var(--awb-color3-s),var(--awb-color3-l),var(--awb-color3-a));--awb-title-back-color:var(--awb-color2);--awb-text-back-color:var(--awb-color7);\"><div class=\"flip-box-back-inner\">\n<p style=\"text-align: left;\">La seguridad, los problemas de rendimiento, la confiabilidad y la consistencia son grandes problemas cuando se ejecutan aplicaciones en una infraestructura compartida. Meltsan Solutions trabajar\u00e1 con usted para aislar su aplicaci\u00f3n del sistema operativo subyacente y simplificar las implementaciones.<\/p>\n<\/div><\/div><\/div><\/div><\/div><div class=\"fusion-flip-box-wrapper fusion-column col-lg-3 col-md-3 col-sm-3\"><div class=\"fusion-flip-box flip-right\" tabindex=\"0\"><div class=\"flip-box-inner-wrapper\"><div class=\"flip-box-front\" style=\"--awb-icon-color:var(--awb-color5);--awb-border-size:0px;--awb-border-radius:4px;--awb-background-color-front:hsla(var(--awb-color8-h),var(--awb-color8-s),var(--awb-color8-l),calc( var(--awb-color8-a) - 95% ));--awb-title-front-color:var(--awb-color7);--awb-text-front-color:var(--awb-color5);\"><div class=\"flip-box-front-inner\"><div class=\"flip-box-grafix flip-box-image\"><img decoding=\"async\" src=\"http:\/\/www.meltsan.us\/2022\/wp-content\/uploads\/2022\/10\/CLOUD.gif\" width=\"73\" height=\"73\" alt=\"Cloud Native Services\" \/><\/div><h5 class=\"flip-box-heading without-text\">Cloud Native Services<\/h5><\/div><\/div><div class=\"flip-box-back\" style=\"--awb-icon-color:var(--awb-color5);--awb-border-size:0px;--awb-border-radius:4px;--awb-background-color-back:var(--awb-color3);--awb-title-back-color:var(--awb-color2);--awb-text-back-color:var(--awb-color7);\"><div class=\"flip-box-back-inner\">\n<p style=\"text-align: left;\">Trabaje con Meltsan Solutions para volver a implementar aplicaciones y bases de datos heredadas en servicios nativos en Cloud, liber\u00e1ndose de la dependencia con proveedores, y experimentando ciclos de desarrollo m\u00e1s r\u00e1pidos, patrones de implementaci\u00f3n predecibles y costos operativos reducidos<\/p>\n<\/div><\/div><\/div><\/div><\/div><div class=\"fusion-flip-box-wrapper fusion-column col-lg-3 col-md-3 col-sm-3\"><div class=\"fusion-flip-box flip-right\" tabindex=\"0\"><div class=\"flip-box-inner-wrapper\"><div class=\"flip-box-front\" style=\"--awb-icon-color:var(--awb-color5);--awb-border-size:0px;--awb-border-radius:4px;--awb-background-color-front:hsla(var(--awb-color8-h),var(--awb-color8-s),var(--awb-color8-l),calc( var(--awb-color8-a) - 95% ));--awb-title-front-color:var(--awb-color7);--awb-text-front-color:var(--awb-color5);\"><div class=\"flip-box-front-inner\"><div class=\"flip-box-grafix flip-box-image\"><img decoding=\"async\" src=\"http:\/\/www.meltsan.us\/2022\/wp-content\/uploads\/2022\/10\/pipeline.gif\" width=\"73\" height=\"73\" alt=\"CI CD Pipeline Development\" \/><\/div><h5 class=\"flip-box-heading without-text\">CI\/CD Pipeline Development<\/h5><\/div><\/div><div class=\"flip-box-back\" style=\"--awb-icon-color:var(--awb-color5);--awb-border-size:0px;--awb-border-radius:4px;--awb-background-color-back:var(--awb-color3);--awb-title-back-color:var(--awb-color2);--awb-text-back-color:var(--awb-color7);\"><div class=\"flip-box-back-inner\">\n<p style=\"text-align: left;\">Meltsan Solutions lo ayudar\u00e1 a deployar c\u00f3digo m\u00e1s r\u00e1pido mediante la automatizaci\u00f3n del build (Image), pruebas, empaquetado y deploy. Un pipeline de CI\/CD mejorar\u00e1 su proceso de desarrollo de aplicaciones y la experiencia del equipo de desarrolladores.<\/p>\n<\/div><\/div><\/div><\/div><\/div><\/div><\/div><\/div><\/div><\/div><\/p>\n","protected":false},"excerpt":{"rendered":"","protected":false},"author":1,"featured_media":0,"parent":0,"menu_order":0,"comment_status":"closed","ping_status":"closed","template":"100-width.php","meta":{"footnotes":""},"_links":{"self":[{"href":"https:\/\/www.meltsan.us\/2022\/wp-json\/wp\/v2\/pages\/13627"}],"collection":[{"href":"https:\/\/www.meltsan.us\/2022\/wp-json\/wp\/v2\/pages"}],"about":[{"href":"https:\/\/www.meltsan.us\/2022\/wp-json\/wp\/v2\/types\/page"}],"author":[{"embeddable":true,"href":"https:\/\/www.meltsan.us\/2022\/wp-json\/wp\/v2\/users\/1"}],"replies":[{"embeddable":true,"href":"https:\/\/www.meltsan.us\/2022\/wp-json\/wp\/v2\/comments?post=13627"}],"version-history":[{"count":9,"href":"https:\/\/www.meltsan.us\/2022\/wp-json\/wp\/v2\/pages\/13627\/revisions"}],"predecessor-version":[{"id":15882,"href":"https:\/\/www.meltsan.us\/2022\/wp-json\/wp\/v2\/pages\/13627\/revisions\/15882"}],"wp:attachment":[{"href":"https:\/\/www.meltsan.us\/2022\/wp-json\/wp\/v2\/media?parent=13627"}],"curies":[{"name":"wp","href":"https:\/\/api.w.org\/{rel}","templated":true}]}}