{"id":13665,"date":"2022-10-26T18:47:17","date_gmt":"2022-10-26T18:47:17","guid":{"rendered":"http:\/\/www.meltsan.us\/2022\/?page_id=13665"},"modified":"2023-08-13T18:53:00","modified_gmt":"2023-08-13T18:53:00","slug":"security-and-compliance","status":"publish","type":"page","link":"https:\/\/www.meltsan.us\/2022\/security-and-compliance\/","title":{"rendered":"Security and Compliance"},"content":{"rendered":"<p><div class=\"fusion-fullwidth fullwidth-box fusion-builder-row-1 fusion-flex-container has-pattern-background has-mask-background nonhundred-percent-fullwidth non-hundred-percent-height-scrolling fusion-animated\" style=\"--awb-border-radius-top-left:0px;--awb-border-radius-top-right:0px;--awb-border-radius-bottom-right:0px;--awb-border-radius-bottom-left:0px;--awb-margin-bottom-medium:80px;--awb-margin-bottom-small:60px;--awb-flex-wrap:wrap;\" data-animationType=\"fadeInUp\" data-animationDuration=\"1.3\" data-animationOffset=\"top-into-view\" ><div class=\"fusion-builder-row fusion-row fusion-flex-align-items-center fusion-flex-justify-content-center fusion-flex-content-wrap\" style=\"max-width:1248px;margin-left: calc(-4% \/ 2 );margin-right: calc(-4% \/ 2 );\"><div class=\"fusion-layout-column fusion_builder_column fusion-builder-column-0 fusion_builder_column_1_1 1_1 fusion-flex-column fusion-animated\" style=\"--awb-bg-size:cover;--awb-width-large:100%;--awb-margin-top-large:0px;--awb-spacing-right-large:1.92%;--awb-margin-bottom-large:70px;--awb-spacing-left-large:1.92%;--awb-width-medium:100%;--awb-order-medium:0;--awb-spacing-right-medium:1.92%;--awb-spacing-left-medium:1.92%;--awb-width-small:100%;--awb-order-small:0;--awb-spacing-right-small:1.92%;--awb-margin-bottom-small:50px;--awb-spacing-left-small:1.92%;\" data-animationType=\"fadeIn\" data-animationDuration=\"0.3\" data-animationOffset=\"top-into-view\"><div class=\"fusion-column-wrapper fusion-column-has-shadow fusion-flex-justify-content-flex-start fusion-content-layout-column\"><div class=\"fusion-title title fusion-title-1 fusion-sep-none fusion-title-center fusion-title-text fusion-title-size-one\" style=\"--awb-margin-bottom:50px;\"><h1 class=\"fusion-title-heading title-heading-center fusion-responsive-typography-calculated\" style=\"margin:0;--fontSize:50;line-height:var(--awb-typography1-line-height);\">Security and\u00a0Compliance<\/h1><\/div><div class=\"fusion-text fusion-text-1 fusion-text-no-margin\" style=\"--awb-content-alignment:justify;--awb-text-color:#000000;--awb-margin-right:5%;--awb-margin-left:5%;\"><p>El entorno Cloud se ejecuta bajo un modelo de responsabilidad compartida. Si bien estar trabajando con un proveedor de Cloud es en s\u00ed bastante seguro, los clientes son responsables de la seguridad de lo que ponen en la nube. Meltsan Solutions te ayuda a cubrir las brechas de seguridad, que actualmente van en aumento, haciendo uso de todos los mecanismos de seguridad que nos proporciona el estar en un entorno Cloud.<\/p>\n<\/div><\/div><\/div><\/div><\/div><div class=\"fusion-fullwidth fullwidth-box fusion-builder-row-2 fusion-flex-container has-pattern-background has-mask-background fusion-parallax-none hundred-percent-fullwidth non-hundred-percent-height-scrolling\" style=\"--awb-background-position:left top;--awb-background-repeat:repeat;--awb-background-blend-mode:overlay;--awb-border-sizes-top:0px;--awb-border-sizes-bottom:0px;--awb-border-sizes-left:0px;--awb-border-sizes-right:0px;--awb-border-radius-top-left:0px;--awb-border-radius-top-right:0px;--awb-border-radius-bottom-right:0px;--awb-border-radius-bottom-left:0px;--awb-padding-top:80px;--awb-padding-bottom:30px;--awb-background-color:hsla(var(--awb-color1-h),var(--awb-color1-s),var(--awb-color1-l),calc( var(--awb-color1-a) - 50% ));--awb-background-image:url(&quot;http:\/\/www.meltsan.us\/2022\/wp-content\/uploads\/2014\/10\/bkgd_lines.jpg&quot;);--awb-flex-wrap:wrap;\" ><div class=\"fusion-builder-row fusion-row fusion-flex-align-items-flex-start fusion-flex-content-wrap\" style=\"width:104% !important;max-width:104% !important;margin-left: calc(-4% \/ 2 );margin-right: calc(-4% \/ 2 );\"><div class=\"fusion-layout-column fusion_builder_column fusion-builder-column-1 fusion_builder_column_1_1 1_1 fusion-flex-column\" style=\"--awb-bg-blend:overlay;--awb-bg-size:cover;--awb-width-large:100%;--awb-margin-top-large:0px;--awb-spacing-right-large:1.92%;--awb-margin-bottom-large:20px;--awb-spacing-left-large:2.56%;--awb-width-medium:100%;--awb-spacing-right-medium:1.92%;--awb-spacing-left-medium:2.56%;--awb-width-small:100%;--awb-spacing-right-small:1.92%;--awb-spacing-left-small:1.92%;\"><div class=\"fusion-column-wrapper fusion-flex-justify-content-flex-start fusion-content-layout-column\"><div class=\"fusion-title title fusion-title-2 fusion-sep-none fusion-title-center fusion-title-text fusion-title-size-two\" style=\"--awb-margin-bottom:50px;\"><h2 class=\"fusion-title-heading title-heading-center fusion-responsive-typography-calculated\" style=\"margin:0;--fontSize:35;line-height:var(--awb-typography1-line-height);\">La seguridad como factor principal en nuestras implementaciones<\/h2><\/div><div class=\"fusion-text fusion-text-2 fusion-text-no-margin\" style=\"--awb-content-alignment:justify;--awb-text-color:#000000;--awb-margin-right:5%;--awb-margin-bottom:50px;--awb-margin-left:5%;\"><p>Meltsan Solutions prioriza la seguridad para garantizar que sus datos y la infraestructura en su Cloud est\u00e9n protegidos. Brindamos servicios de seguridad integrales desde DevSecOps hasta realizar la mayor\u00eda de los elementos de acci\u00f3n para ayudarlo a cumplir con los marcos de seguridad y cumplimiento m\u00e1s comunes.<\/p>\n<p>Dentro de las \u00e1reas de especializaci\u00f3n en las cuales Meltsan Solutions te puede ayudar, encontramos:<\/p>\n<\/div><div class=\"fusion-flip-boxes flip-boxes row fusion-columns-4 flip-effect-classic equal-heights\"><div class=\"fusion-flip-box-wrapper fusion-column col-lg-3 col-md-3 col-sm-3\"><div class=\"fusion-flip-box flip-right\" tabindex=\"0\"><div class=\"flip-box-inner-wrapper\"><div class=\"flip-box-front\" style=\"--awb-icon-color:var(--awb-color8);--awb-border-size:0px;--awb-border-radius:4px;--awb-background-color-front:hsla(var(--awb-color8-h),var(--awb-color8-s),var(--awb-color8-l),calc( var(--awb-color8-a) - 95% ));--awb-title-front-color:var(--awb-color7);--awb-text-front-color:var(--awb-color5);\"><div class=\"flip-box-front-inner\"><div class=\"flip-box-grafix flip-box-image\"><img decoding=\"async\" src=\"http:\/\/www.meltsan.us\/2022\/wp-content\/uploads\/2022\/10\/list.gif\" width=\"68\" height=\"68\" alt=\"Compliance\" \/><\/div><h5 class=\"flip-box-heading without-text\">Compliance<\/h5><\/div><\/div><div class=\"flip-box-back\" style=\"--awb-icon-color:var(--awb-color8);--awb-border-size:0px;--awb-border-radius:4px;--awb-background-color-back:hsla(calc(var(--awb-color3-h) + 335),var(--awb-color3-s),var(--awb-color3-l),var(--awb-color3-a));--awb-title-back-color:var(--awb-color2);--awb-text-back-color:var(--awb-color7);\"><div class=\"flip-box-back-inner\">\n<p style=\"text-align: left;\">Si su organizaci\u00f3n requiere operar bajo un protocolo de seguridad y cumplimiento como PCI o HIPAA, necesita un socio con experiencia en la implementaci\u00f3n de esos controles, y Meltsan Solutions te puede apoyar en la implementaci\u00f3n de diferentes modelos de seguridad, maximizando lo que nos ofrecen los diferentes proveedores de Cloud.<\/p>\n<\/div><\/div><\/div><\/div><\/div><div class=\"fusion-flip-box-wrapper fusion-column col-lg-3 col-md-3 col-sm-3\"><div class=\"fusion-flip-box flip-right\" tabindex=\"0\"><div class=\"flip-box-inner-wrapper\"><div class=\"flip-box-front\" style=\"--awb-icon-color:var(--awb-color5);--awb-border-size:0px;--awb-border-radius:4px;--awb-background-color-front:hsla(var(--awb-color8-h),var(--awb-color8-s),var(--awb-color8-l),calc( var(--awb-color8-a) - 95% ));--awb-title-front-color:var(--awb-color7);--awb-text-front-color:var(--awb-color5);\"><div class=\"flip-box-front-inner\"><div class=\"flip-box-grafix flip-box-image\"><img decoding=\"async\" src=\"http:\/\/www.meltsan.us\/2022\/wp-content\/uploads\/2022\/10\/devops.gif\" width=\"73\" height=\"73\" alt=\"DevSecOps\" \/><\/div><h5 class=\"flip-box-heading without-text\">DevSecOps<\/h5><\/div><\/div><div class=\"flip-box-back\" style=\"--awb-icon-color:var(--awb-color5);--awb-border-size:0px;--awb-border-radius:4px;--awb-background-color-back:var(--awb-color3);--awb-title-back-color:var(--awb-color2);--awb-text-back-color:var(--awb-color7);\"><div class=\"flip-box-back-inner\">\n<p style=\"text-align: left;\">El software personalizado o empaquetado debe reforzarse antes de la implementaci\u00f3n. Al seguir las mejores pr\u00e1cticas de DevSecOps, Meltsan Solutions puede ayudarlo a lanzar software seguro.<\/p>\n<\/div><\/div><\/div><\/div><\/div><div class=\"fusion-flip-box-wrapper fusion-column col-lg-3 col-md-3 col-sm-3\"><div class=\"fusion-flip-box flip-right\" tabindex=\"0\"><div class=\"flip-box-inner-wrapper\"><div class=\"flip-box-front\" style=\"--awb-icon-color:var(--awb-color5);--awb-border-size:0px;--awb-border-radius:4px;--awb-background-color-front:hsla(var(--awb-color8-h),var(--awb-color8-s),var(--awb-color8-l),calc( var(--awb-color8-a) - 95% ));--awb-title-front-color:var(--awb-color7);--awb-text-front-color:var(--awb-color5);\"><div class=\"flip-box-front-inner\"><div class=\"flip-box-grafix flip-box-image\"><img decoding=\"async\" src=\"http:\/\/www.meltsan.us\/2022\/wp-content\/uploads\/2022\/10\/secure.gif\" width=\"73\" height=\"73\" alt=\"Secure Coding\" \/><\/div><h5 class=\"flip-box-heading without-text\">Secure Coding<\/h5><\/div><\/div><div class=\"flip-box-back\" style=\"--awb-icon-color:var(--awb-color5);--awb-border-size:0px;--awb-border-radius:4px;--awb-background-color-back:var(--awb-color3);--awb-title-back-color:var(--awb-color2);--awb-text-back-color:var(--awb-color7);\"><div class=\"flip-box-back-inner\">\n<p style=\"text-align: left;\">Las aplicaciones modernas en la nube deben desarrollarse con las medidas de seguridad adecuadas. En Meltsan Solutions, nos aseguramos de que todo su c\u00f3digo sea resistente al OWASP Top 10 y se adhiera a rigurosos est\u00e1ndares de seguridad.<\/p>\n<\/div><\/div><\/div><\/div><\/div><div class=\"fusion-flip-box-wrapper fusion-column col-lg-3 col-md-3 col-sm-3\"><div class=\"fusion-flip-box flip-right\" tabindex=\"0\"><div class=\"flip-box-inner-wrapper\"><div class=\"flip-box-front\" style=\"--awb-icon-color:var(--awb-color5);--awb-border-size:0px;--awb-border-radius:4px;--awb-background-color-front:hsla(var(--awb-color8-h),var(--awb-color8-s),var(--awb-color8-l),calc( var(--awb-color8-a) - 95% ));--awb-title-front-color:var(--awb-color7);--awb-text-front-color:var(--awb-color5);\"><div class=\"flip-box-front-inner\"><div class=\"flip-box-grafix flip-box-image\"><img decoding=\"async\" src=\"http:\/\/www.meltsan.us\/2022\/wp-content\/uploads\/2022\/10\/foundations.gif\" width=\"73\" height=\"73\" alt=\"Foundations\" \/><\/div><h5 class=\"flip-box-heading without-text\">Foundations<\/h5><\/div><\/div><div class=\"flip-box-back\" style=\"--awb-icon-color:var(--awb-color5);--awb-border-size:0px;--awb-border-radius:4px;--awb-background-color-back:var(--awb-color3);--awb-title-back-color:var(--awb-color2);--awb-text-back-color:var(--awb-color7);\"><div class=\"flip-box-back-inner\">\n<p style=\"text-align: left;\">\u00bfNecesita una base s\u00f3lida de seguridad en la nube?. Meltsan Solutions sigue las mejores pr\u00e1cticas y est\u00e1ndares para grupos de seguridad, acceso con privilegios m\u00ednimos, utilizando las herramientas de seguridad que nos pueda proveer su proveedor de Cloud para escanear su entorno.<\/p>\n<\/div><\/div><\/div><\/div><\/div><\/div><\/div><\/div><\/div><\/div><\/p>\n","protected":false},"excerpt":{"rendered":"","protected":false},"author":1,"featured_media":0,"parent":0,"menu_order":0,"comment_status":"closed","ping_status":"closed","template":"100-width.php","meta":{"footnotes":""},"_links":{"self":[{"href":"https:\/\/www.meltsan.us\/2022\/wp-json\/wp\/v2\/pages\/13665"}],"collection":[{"href":"https:\/\/www.meltsan.us\/2022\/wp-json\/wp\/v2\/pages"}],"about":[{"href":"https:\/\/www.meltsan.us\/2022\/wp-json\/wp\/v2\/types\/page"}],"author":[{"embeddable":true,"href":"https:\/\/www.meltsan.us\/2022\/wp-json\/wp\/v2\/users\/1"}],"replies":[{"embeddable":true,"href":"https:\/\/www.meltsan.us\/2022\/wp-json\/wp\/v2\/comments?post=13665"}],"version-history":[{"count":10,"href":"https:\/\/www.meltsan.us\/2022\/wp-json\/wp\/v2\/pages\/13665\/revisions"}],"predecessor-version":[{"id":15888,"href":"https:\/\/www.meltsan.us\/2022\/wp-json\/wp\/v2\/pages\/13665\/revisions\/15888"}],"wp:attachment":[{"href":"https:\/\/www.meltsan.us\/2022\/wp-json\/wp\/v2\/media?parent=13665"}],"curies":[{"name":"wp","href":"https:\/\/api.w.org\/{rel}","templated":true}]}}