{"id":13677,"date":"2022-10-26T19:15:44","date_gmt":"2022-10-26T19:15:44","guid":{"rendered":"http:\/\/www.meltsan.us\/2022\/?page_id=13677"},"modified":"2023-08-13T18:50:02","modified_gmt":"2023-08-13T18:50:02","slug":"devops-monitoring","status":"publish","type":"page","link":"https:\/\/www.meltsan.us\/2022\/devops-monitoring\/","title":{"rendered":"DevOps &#038; Monitoring"},"content":{"rendered":"<p><div class=\"fusion-fullwidth fullwidth-box fusion-builder-row-1 fusion-flex-container has-pattern-background has-mask-background nonhundred-percent-fullwidth non-hundred-percent-height-scrolling fusion-animated\" style=\"--awb-border-radius-top-left:0px;--awb-border-radius-top-right:0px;--awb-border-radius-bottom-right:0px;--awb-border-radius-bottom-left:0px;--awb-margin-bottom-medium:80px;--awb-margin-bottom-small:60px;--awb-flex-wrap:wrap;\" data-animationType=\"fadeInUp\" data-animationDuration=\"1.3\" data-animationOffset=\"top-into-view\" ><div class=\"fusion-builder-row fusion-row fusion-flex-align-items-center fusion-flex-justify-content-center fusion-flex-content-wrap\" style=\"max-width:1248px;margin-left: calc(-4% \/ 2 );margin-right: calc(-4% \/ 2 );\"><div class=\"fusion-layout-column fusion_builder_column fusion-builder-column-0 fusion_builder_column_1_1 1_1 fusion-flex-column fusion-animated\" style=\"--awb-bg-size:cover;--awb-width-large:100%;--awb-margin-top-large:0px;--awb-spacing-right-large:1.92%;--awb-margin-bottom-large:70px;--awb-spacing-left-large:1.92%;--awb-width-medium:100%;--awb-order-medium:0;--awb-spacing-right-medium:1.92%;--awb-spacing-left-medium:1.92%;--awb-width-small:100%;--awb-order-small:0;--awb-spacing-right-small:1.92%;--awb-margin-bottom-small:0px;--awb-spacing-left-small:1.92%;\" data-animationType=\"fadeIn\" data-animationDuration=\"0.3\" data-animationOffset=\"top-into-view\"><div class=\"fusion-column-wrapper fusion-column-has-shadow fusion-flex-justify-content-flex-start fusion-content-layout-column\"><div class=\"fusion-title title fusion-title-1 fusion-sep-none fusion-title-center fusion-title-text fusion-title-size-one\"><h1 class=\"fusion-title-heading title-heading-center fusion-responsive-typography-calculated\" style=\"margin:0;--fontSize:50;line-height:var(--awb-typography1-line-height);\">DevOps &amp; Monitoring<\/h1><\/div><div class=\"fusion-text fusion-text-1 fusion-text-no-margin\" style=\"--awb-content-alignment:justify;--awb-text-color:var(--awb-color7);--awb-margin-right:10%;--awb-margin-left:10%;\"><p>Transforme su negocio bas\u00e1ndose en una estrategia, alineada a una cultura y herramientas DevOps. Meltsan Solutions, como un proveedor de servicios nativos en Cloud que vive bajo una cultura DevOps, y automatizando m\u00e1s de 8 a\u00f1os a organizaciones que pertenecen a diferentes sectores, lo podemos ayudar de una forma r\u00e1pida y segura, maximizando su inversi\u00f3n, y el <strong><em>time-to-market<\/em><\/strong> para habilitar nuevos productos al mercado en tiempo r\u00e9cord.<\/p>\n<p>Nuestra organizaci\u00f3n tiene una experiencia altamente reconocida con una cultura DevOps, desde el aspecto cultural de la responsabilidad compartida, la transparencia y la retroalimentaci\u00f3n constante. En Meltsan Solutions, somos s\u00faper partidarios del uso de herramientas open source, as\u00ed como de la automatizaci\u00f3n en Cloud, desde el desarrollo, hasta la promoci\u00f3n de versiones en ambientes productivos confiables, seguros y disponibles.<\/p>\n<p>Algunas de las herramientas en las cuales Meltsan Solutions se apoya para la ejecuci\u00f3n de monitoreo a nivel de infraestructra y aplicaciones son: Prometheus, Grafana, Kiali (Networking), GCP Monitoring Suite, Splunk, Azure Insights, AWS Cloudwatch.<\/p>\n<p>Meltsan Solutions te ayudar\u00e1 en las siguientes \u00e1reas:<\/p>\n<\/div><div class=\"fusion-separator fusion-no-small-visibility fusion-full-width-sep\" style=\"align-self: center;margin-left: auto;margin-right: auto;margin-top:70px;margin-bottom:0px;width:100%;\"><div class=\"fusion-separator-border sep-single sep-solid\" style=\"--awb-height:20px;--awb-amount:20px;--awb-sep-color:var(--awb-color2);border-color:var(--awb-color2);border-top-width:2px;\"><\/div><\/div><\/div><\/div><\/div><\/div><div class=\"fusion-fullwidth fullwidth-box fusion-builder-row-2 fusion-flex-container has-pattern-background has-mask-background hundred-percent-fullwidth non-hundred-percent-height-scrolling fusion-animated\" style=\"--awb-border-radius-top-left:0px;--awb-border-radius-top-right:0px;--awb-border-radius-bottom-right:0px;--awb-border-radius-bottom-left:0px;--awb-margin-bottom:120px;--awb-margin-bottom-medium:80px;--awb-margin-bottom-small:60px;--awb-flex-wrap:wrap;\" data-animationType=\"fadeInUp\" data-animationDuration=\"1.3\" data-animationOffset=\"top-into-view\" ><div class=\"fusion-builder-row fusion-row fusion-flex-align-items-center fusion-flex-justify-content-center fusion-flex-content-wrap\" style=\"width:104% !important;max-width:104% !important;margin-left: calc(-4% \/ 2 );margin-right: calc(-4% \/ 2 );\"><div class=\"fusion-layout-column fusion_builder_column fusion-builder-column-1 fusion_builder_column_1_2 1_2 fusion-flex-column fusion-no-medium-visibility fusion-no-large-visibility\" style=\"--awb-padding-top-small:0px;--awb-bg-size:cover;--awb-width-large:50%;--awb-margin-top-large:0px;--awb-spacing-right-large:3.84%;--awb-margin-bottom-large:0px;--awb-spacing-left-large:3.84%;--awb-width-medium:40%;--awb-order-medium:0;--awb-spacing-right-medium:4.8%;--awb-spacing-left-medium:4.8%;--awb-width-small:100%;--awb-order-small:0;--awb-margin-top-small:0px;--awb-spacing-right-small:1.92%;--awb-margin-bottom-small:60px;--awb-spacing-left-small:1.92%;\"><div class=\"fusion-column-wrapper fusion-column-has-shadow fusion-flex-justify-content-flex-start fusion-content-layout-column\"><div class=\"fusion-image-element \" style=\"--awb-caption-title-font-family:var(--h2_typography-font-family);--awb-caption-title-font-weight:var(--h2_typography-font-weight);--awb-caption-title-font-style:var(--h2_typography-font-style);--awb-caption-title-size:var(--h2_typography-font-size);--awb-caption-title-transform:var(--h2_typography-text-transform);--awb-caption-title-line-height:var(--h2_typography-line-height);--awb-caption-title-letter-spacing:var(--h2_typography-letter-spacing);\"><span class=\" fusion-imageframe imageframe-none imageframe-1 hover-type-none\"><img decoding=\"async\" width=\"1500\" height=\"1500\" alt=\"Meltsan Solutions\" title=\"Meltsan Solutions\" src=\"http:\/\/www.meltsan.us\/2022\/wp-content\/uploads\/2023\/01\/meltsan-nave2.png\" class=\"img-responsive wp-image-14807\" srcset=\"https:\/\/www.meltsan.us\/2022\/wp-content\/uploads\/2023\/01\/meltsan-nave2-200x200.png 200w, https:\/\/www.meltsan.us\/2022\/wp-content\/uploads\/2023\/01\/meltsan-nave2-400x400.png 400w, https:\/\/www.meltsan.us\/2022\/wp-content\/uploads\/2023\/01\/meltsan-nave2-600x600.png 600w, https:\/\/www.meltsan.us\/2022\/wp-content\/uploads\/2023\/01\/meltsan-nave2-800x800.png 800w, https:\/\/www.meltsan.us\/2022\/wp-content\/uploads\/2023\/01\/meltsan-nave2-1200x1200.png 1200w, https:\/\/www.meltsan.us\/2022\/wp-content\/uploads\/2023\/01\/meltsan-nave2.png 1500w\" sizes=\"(max-width: 640px) 100vw, 600px\" \/><\/span><\/div><\/div><\/div><div class=\"fusion-layout-column fusion_builder_column fusion-builder-column-2 fusion_builder_column_3_5 3_5 fusion-flex-column fusion-no-small-visibility\" style=\"--awb-bg-size:cover;--awb-width-large:60%;--awb-margin-top-large:0px;--awb-spacing-right-large:3.2%;--awb-margin-bottom-large:0px;--awb-spacing-left-large:3.2%;--awb-width-medium:40%;--awb-order-medium:0;--awb-spacing-right-medium:4.8%;--awb-spacing-left-medium:4.8%;--awb-width-small:100%;--awb-order-small:0;--awb-spacing-right-small:1.92%;--awb-margin-bottom-small:60px;--awb-spacing-left-small:1.92%;\"><div class=\"fusion-column-wrapper fusion-column-has-shadow fusion-flex-justify-content-flex-start fusion-content-layout-column\"><div class=\"fusion-image-element \" style=\"--awb-caption-title-font-family:var(--h2_typography-font-family);--awb-caption-title-font-weight:var(--h2_typography-font-weight);--awb-caption-title-font-style:var(--h2_typography-font-style);--awb-caption-title-size:var(--h2_typography-font-size);--awb-caption-title-transform:var(--h2_typography-text-transform);--awb-caption-title-line-height:var(--h2_typography-line-height);--awb-caption-title-letter-spacing:var(--h2_typography-letter-spacing);\"><span class=\" fusion-imageframe imageframe-none imageframe-2 hover-type-none\"><img decoding=\"async\" width=\"2500\" height=\"1500\" alt=\"Meltsan Solutions\" title=\"Meltsan Solutions\" src=\"http:\/\/www.meltsan.us\/2022\/wp-content\/uploads\/2023\/01\/melsan-nave.png\" class=\"img-responsive wp-image-14806\" srcset=\"https:\/\/www.meltsan.us\/2022\/wp-content\/uploads\/2023\/01\/melsan-nave-200x120.png 200w, https:\/\/www.meltsan.us\/2022\/wp-content\/uploads\/2023\/01\/melsan-nave-400x240.png 400w, https:\/\/www.meltsan.us\/2022\/wp-content\/uploads\/2023\/01\/melsan-nave-600x360.png 600w, https:\/\/www.meltsan.us\/2022\/wp-content\/uploads\/2023\/01\/melsan-nave-800x480.png 800w, https:\/\/www.meltsan.us\/2022\/wp-content\/uploads\/2023\/01\/melsan-nave-1200x720.png 1200w, https:\/\/www.meltsan.us\/2022\/wp-content\/uploads\/2023\/01\/melsan-nave.png 2500w\" sizes=\"(max-width: 640px) 100vw, 800px\" \/><\/span><\/div><\/div><\/div><div class=\"fusion-layout-column fusion_builder_column fusion-builder-column-3 fusion_builder_column_2_5 2_5 fusion-flex-column\" style=\"--awb-padding-right-medium:0px;--awb-padding-left-medium:0px;--awb-bg-size:cover;--awb-width-large:40%;--awb-margin-top-large:0px;--awb-spacing-right-large:110px;--awb-margin-bottom-large:0px;--awb-spacing-left-large:4.8%;--awb-width-medium:60%;--awb-order-medium:0;--awb-spacing-right-medium:110px;--awb-spacing-left-medium:3.2%;--awb-width-small:100%;--awb-order-small:1;--awb-spacing-right-small:1.92%;--awb-margin-bottom-small:0px;--awb-spacing-left-small:1.92%;\"><div class=\"fusion-column-wrapper fusion-column-has-shadow fusion-flex-justify-content-center fusion-content-layout-column\"><div class=\"fusion-title title fusion-title-2 fusion-sep-none fusion-title-text fusion-title-size-four\" style=\"--awb-text-color:var(--awb-color8);--awb-margin-top:0px;\"><h4 class=\"fusion-title-heading title-heading-left fusion-responsive-typography-calculated\" style=\"margin:0;--fontSize:25;line-height:var(--awb-typography1-line-height);\">Tecnolog\u00edas innovadoras:<\/h4><\/div><ul style=\"--awb-iconcolor:#2a9d8f;--awb-textcolor:var(--awb-color7);--awb-line-height:27.2px;--awb-icon-width:27.2px;--awb-icon-height:27.2px;--awb-icon-margin:11.2px;--awb-content-margin:38.4px;\" class=\"fusion-checklist fusion-checklist-1 fusion-checklist-default type-icons\"><li class=\"fusion-li-item\" style=\"\"><span class=\"icon-wrapper circle-no\"><i class=\"fusion-li-icon fa-check fas\" aria-hidden=\"true\"><\/i><\/span><div class=\"fusion-li-item-content\">\n<p>Observability, monitoring, and logging<\/p>\n<\/div><\/li><li class=\"fusion-li-item\" style=\"\"><span class=\"icon-wrapper circle-no\"><i class=\"fusion-li-icon fa-check fas\" aria-hidden=\"true\"><\/i><\/span><div class=\"fusion-li-item-content\">\n<p>Infrastructure as Code<\/p>\n<\/div><\/li><li class=\"fusion-li-item\" style=\"\"><span class=\"icon-wrapper circle-no\"><i class=\"fusion-li-icon fa-check fas\" aria-hidden=\"true\"><\/i><\/span><div class=\"fusion-li-item-content\">\n<p>Platform engineering<\/p>\n<\/div><\/li><li class=\"fusion-li-item\" style=\"\"><span class=\"icon-wrapper circle-no\"><i class=\"fusion-li-icon fa-check fas\" aria-hidden=\"true\"><\/i><\/span><div class=\"fusion-li-item-content\">\n<p>Cloud Native implementation<\/p>\n<\/div><\/li><li class=\"fusion-li-item\" style=\"\"><span class=\"icon-wrapper circle-no\"><i class=\"fusion-li-icon fa-check fas\" aria-hidden=\"true\"><\/i><\/span><div class=\"fusion-li-item-content\">\n<p>GitOps<\/p>\n<\/div><\/li><li class=\"fusion-li-item\" style=\"\"><span class=\"icon-wrapper circle-no\"><i class=\"fusion-li-icon fa-check fas\" aria-hidden=\"true\"><\/i><\/span><div class=\"fusion-li-item-content\">\n<p>CI\/CD pipeline automation<\/p>\n<\/div><\/li><\/ul><\/div><\/div><\/div><\/div><\/p>\n","protected":false},"excerpt":{"rendered":"","protected":false},"author":1,"featured_media":13930,"parent":0,"menu_order":0,"comment_status":"closed","ping_status":"closed","template":"","meta":{"footnotes":""},"_links":{"self":[{"href":"https:\/\/www.meltsan.us\/2022\/wp-json\/wp\/v2\/pages\/13677"}],"collection":[{"href":"https:\/\/www.meltsan.us\/2022\/wp-json\/wp\/v2\/pages"}],"about":[{"href":"https:\/\/www.meltsan.us\/2022\/wp-json\/wp\/v2\/types\/page"}],"author":[{"embeddable":true,"href":"https:\/\/www.meltsan.us\/2022\/wp-json\/wp\/v2\/users\/1"}],"replies":[{"embeddable":true,"href":"https:\/\/www.meltsan.us\/2022\/wp-json\/wp\/v2\/comments?post=13677"}],"version-history":[{"count":5,"href":"https:\/\/www.meltsan.us\/2022\/wp-json\/wp\/v2\/pages\/13677\/revisions"}],"predecessor-version":[{"id":15885,"href":"https:\/\/www.meltsan.us\/2022\/wp-json\/wp\/v2\/pages\/13677\/revisions\/15885"}],"wp:featuredmedia":[{"embeddable":true,"href":"https:\/\/www.meltsan.us\/2022\/wp-json\/wp\/v2\/media\/13930"}],"wp:attachment":[{"href":"https:\/\/www.meltsan.us\/2022\/wp-json\/wp\/v2\/media?parent=13677"}],"curies":[{"name":"wp","href":"https:\/\/api.w.org\/{rel}","templated":true}]}}