{"id":13719,"date":"2022-10-27T22:51:53","date_gmt":"2022-10-27T22:51:53","guid":{"rendered":"http:\/\/www.meltsan.us\/2022\/?page_id=13719"},"modified":"2023-07-10T18:51:40","modified_gmt":"2023-07-10T18:51:40","slug":"modern-saas-enablement","status":"publish","type":"page","link":"https:\/\/www.meltsan.us\/2022\/modern-saas-enablement\/","title":{"rendered":"Modern SaaS Enablement"},"content":{"rendered":"<p><div class=\"fusion-fullwidth fullwidth-box fusion-builder-row-1 fusion-flex-container has-pattern-background has-mask-background nonhundred-percent-fullwidth non-hundred-percent-height-scrolling fusion-animated\" style=\"--awb-border-radius-top-left:0px;--awb-border-radius-top-right:0px;--awb-border-radius-bottom-right:0px;--awb-border-radius-bottom-left:0px;--awb-margin-bottom-medium:80px;--awb-margin-bottom-small:60px;--awb-flex-wrap:wrap;\" data-animationType=\"fadeInUp\" data-animationDuration=\"1.3\" data-animationOffset=\"top-into-view\" ><div class=\"fusion-builder-row fusion-row fusion-flex-align-items-center fusion-flex-justify-content-center fusion-flex-content-wrap\" style=\"max-width:1248px;margin-left: calc(-4% \/ 2 );margin-right: calc(-4% \/ 2 );\"><div class=\"fusion-layout-column fusion_builder_column fusion-builder-column-0 fusion_builder_column_1_1 1_1 fusion-flex-column fusion-animated\" style=\"--awb-bg-size:cover;--awb-width-large:100%;--awb-margin-top-large:0px;--awb-spacing-right-large:1.92%;--awb-margin-bottom-large:70px;--awb-spacing-left-large:1.92%;--awb-width-medium:100%;--awb-order-medium:0;--awb-spacing-right-medium:1.92%;--awb-spacing-left-medium:1.92%;--awb-width-small:100%;--awb-order-small:0;--awb-spacing-right-small:1.92%;--awb-margin-bottom-small:50px;--awb-spacing-left-small:1.92%;\" data-animationType=\"fadeIn\" data-animationDuration=\"0.3\" data-animationOffset=\"top-into-view\"><div class=\"fusion-column-wrapper fusion-column-has-shadow fusion-flex-justify-content-flex-start fusion-content-layout-column\"><div class=\"fusion-title title fusion-title-1 fusion-sep-none fusion-title-center fusion-title-text fusion-title-size-one\"><h1 class=\"fusion-title-heading title-heading-center fusion-responsive-typography-calculated\" style=\"margin:0;--fontSize:50;line-height:var(--awb-typography1-line-height);\">Modern SaaS Enablement<\/h1><\/div><div class=\"fusion-separator fusion-no-small-visibility fusion-full-width-sep\" style=\"align-self: center;margin-left: auto;margin-right: auto;margin-top:70px;margin-bottom:0px;width:100%;\"><div class=\"fusion-separator-border sep-single sep-solid\" style=\"--awb-height:20px;--awb-amount:20px;--awb-sep-color:var(--awb-color2);border-color:var(--awb-color2);border-top-width:2px;\"><\/div><\/div><\/div><\/div><\/div><\/div><div class=\"fusion-fullwidth fullwidth-box fusion-builder-row-2 fusion-flex-container has-pattern-background has-mask-background hundred-percent-fullwidth non-hundred-percent-height-scrolling\" style=\"--awb-border-radius-top-left:0px;--awb-border-radius-top-right:0px;--awb-border-radius-bottom-right:0px;--awb-border-radius-bottom-left:0px;--awb-flex-wrap:wrap;\" ><div class=\"fusion-builder-row fusion-row fusion-flex-align-items-flex-start fusion-flex-content-wrap\" style=\"width:104% !important;max-width:104% !important;margin-left: calc(-4% \/ 2 );margin-right: calc(-4% \/ 2 );\"><div class=\"fusion-layout-column fusion_builder_column fusion-builder-column-1 fusion_builder_column_1_1 1_1 fusion-flex-column\" style=\"--awb-bg-size:cover;--awb-width-large:100%;--awb-margin-top-large:0px;--awb-spacing-right-large:1.92%;--awb-margin-bottom-large:20px;--awb-spacing-left-large:1.92%;--awb-width-medium:100%;--awb-order-medium:0;--awb-spacing-right-medium:1.92%;--awb-spacing-left-medium:1.92%;--awb-width-small:100%;--awb-order-small:0;--awb-spacing-right-small:1.92%;--awb-spacing-left-small:1.92%;\"><div class=\"fusion-column-wrapper fusion-column-has-shadow fusion-flex-justify-content-flex-start fusion-content-layout-column\"><div class=\"fusion-flip-boxes flip-boxes row fusion-columns-4 flip-effect-classic equal-heights\"><div class=\"fusion-flip-box-wrapper fusion-column col-lg-3 col-md-3 col-sm-3\"><div class=\"fusion-flip-box flip-right\" tabindex=\"0\"><div class=\"flip-box-inner-wrapper\"><div class=\"flip-box-front\" style=\"--awb-icon-color:var(--awb-color5);--awb-border-size:0px;--awb-border-radius:4px;--awb-background-color-front:hsla(var(--awb-color8-h),var(--awb-color8-s),var(--awb-color8-l),calc( var(--awb-color8-a) - 95% ));--awb-title-front-color:var(--awb-color7);--awb-text-front-color:var(--awb-color5);\"><div class=\"flip-box-front-inner\"><div class=\"flip-box-grafix flip-box-image\"><img decoding=\"async\" src=\"http:\/\/www.meltsan.us\/2022\/wp-content\/uploads\/2022\/10\/migrate.gif\" width=\"76\" height=\"76\" alt=\"Migrate &amp; Modernize\" \/><\/div><h5 class=\"flip-box-heading without-text\">Migrate &amp; Modernize<\/h5><\/div><\/div><div class=\"flip-box-back\" style=\"--awb-icon-color:var(--awb-color5);--awb-border-size:0px;--awb-border-radius:4px;--awb-background-color-back:var(--awb-color4);--awb-title-back-color:var(--awb-color2);--awb-text-back-color:var(--awb-color6);\"><div class=\"flip-box-back-inner\">\n<p style=\"text-align: left;\">Migre las implementaciones locales al proveedor de Cloud que seleccione, y modernice su infraestructura con capacidades de auto-scaling, auto-healing, y auto-provisioning. Nuestra experiencia en migraci\u00f3n y DevOps le garantizar\u00e1 tener la mejor base arquitect\u00f3nica para crear soluciones SaaS.<\/p>\n<\/div><\/div><\/div><\/div><\/div><div class=\"fusion-flip-box-wrapper fusion-column col-lg-3 col-md-3 col-sm-3\"><div class=\"fusion-flip-box flip-right\" tabindex=\"0\"><div class=\"flip-box-inner-wrapper\"><div class=\"flip-box-front\" style=\"--awb-icon-color:var(--awb-color5);--awb-border-size:0px;--awb-border-radius:4px;--awb-background-color-front:hsla(var(--awb-color8-h),var(--awb-color8-s),var(--awb-color8-l),calc( var(--awb-color8-a) - 95% ));--awb-title-front-color:var(--awb-color7);--awb-text-front-color:var(--awb-color5);\"><div class=\"flip-box-front-inner\"><div class=\"flip-box-grafix flip-box-image\"><img decoding=\"async\" src=\"http:\/\/www.meltsan.us\/2022\/wp-content\/uploads\/2022\/10\/optimizate.gif\" width=\"76\" height=\"76\" alt=\"Tenancy Optimization\" \/><\/div><h5 class=\"flip-box-heading without-text\">Tenancy Optimization<\/h5><\/div><\/div><div class=\"flip-box-back\" style=\"--awb-icon-color:var(--awb-color5);--awb-border-size:0px;--awb-border-radius:4px;--awb-background-color-back:var(--awb-color4);--awb-title-back-color:var(--awb-color2);--awb-text-back-color:var(--awb-color6);\"><div class=\"flip-box-back-inner\">\n<p style=\"text-align: left;\">Optimice su soluci\u00f3n <strong>SaaS tenancy<\/strong> aprovechando nuestros conocimientos en la habilitaci\u00f3n de productos SaaS. Podemos tomar las aplicaciones conocidas como single-tenant, y habilitarla de forma segura en una soluci\u00f3n multi-tenant a un costo \u00f3ptimo. En Meltsan nos enfocamos al uso de plataformas multi-tenant con capacidad de agregar funcionalidad a manera incremental al ritmo del crecimiento de la operaci\u00f3n diaria.<\/p>\n<\/div><\/div><\/div><\/div><\/div><div class=\"fusion-flip-box-wrapper fusion-column col-lg-3 col-md-3 col-sm-3\"><div class=\"fusion-flip-box flip-right\" tabindex=\"0\"><div class=\"flip-box-inner-wrapper\"><div class=\"flip-box-front\" style=\"--awb-icon-color:var(--awb-color5);--awb-border-size:0px;--awb-border-radius:4px;--awb-background-color-front:hsla(var(--awb-color8-h),var(--awb-color8-s),var(--awb-color8-l),calc( var(--awb-color8-a) - 95% ));--awb-title-front-color:var(--awb-color7);--awb-text-front-color:var(--awb-color5);\"><div class=\"flip-box-front-inner\"><div class=\"flip-box-grafix flip-box-image\"><img decoding=\"async\" src=\"http:\/\/www.meltsan.us\/2022\/wp-content\/uploads\/2022\/10\/movil-dev.gif\" width=\"76\" height=\"76\" alt=\"Mobile App Development\" \/><\/div><h5 class=\"flip-box-heading without-text\">Application Refactor<\/h5><\/div><\/div><div class=\"flip-box-back\" style=\"--awb-icon-color:var(--awb-color5);--awb-border-size:0px;--awb-border-radius:4px;--awb-background-color-back:var(--awb-color4);--awb-title-back-color:var(--awb-color2);--awb-text-back-color:var(--awb-color6);\"><div class=\"flip-box-back-inner\">\n<p style=\"text-align: left;\">Refactorice el backend de su aplicaci\u00f3n con tecnolog\u00edas nativas de Cloud. Meltsan Solutions, con su gran experiencia en containers y serverless, lo ayudar\u00e1 a aprovechar al m\u00e1ximo los servicios administrados de un proveedor de Cloud.<\/p>\n<\/div><\/div><\/div><\/div><\/div><div class=\"fusion-flip-box-wrapper fusion-column col-lg-3 col-md-3 col-sm-3\"><div class=\"fusion-flip-box flip-right\" tabindex=\"0\"><div class=\"flip-box-inner-wrapper\"><div class=\"flip-box-front\" style=\"--awb-icon-color:var(--awb-color5);--awb-border-size:0px;--awb-border-radius:4px;--awb-background-color-front:hsla(var(--awb-color8-h),var(--awb-color8-s),var(--awb-color8-l),calc( var(--awb-color8-a) - 95% ));--awb-title-front-color:var(--awb-color7);--awb-text-front-color:var(--awb-color5);\"><div class=\"flip-box-front-inner\"><div class=\"flip-box-grafix flip-box-image\"><img decoding=\"async\" src=\"http:\/\/www.meltsan.us\/2022\/wp-content\/uploads\/2022\/10\/provisionan.gif\" width=\"76\" height=\"76\" alt=\"Tenant Provisioning &amp; Automation\" \/><\/div><h5 class=\"flip-box-heading without-text\">Tenant Provisioning &amp; Automation<\/h5><\/div><\/div><div class=\"flip-box-back\" style=\"--awb-icon-color:var(--awb-color5);--awb-border-size:0px;--awb-border-radius:4px;--awb-background-color-back:var(--awb-color4);--awb-title-back-color:var(--awb-color2);--awb-text-back-color:var(--awb-color6);\"><div class=\"flip-box-back-inner\">\n<p style=\"text-align: left;\">Optimice y automatice el aprovisionamiento de <em>tenants<\/em> para usuarios individuales y cuentas empresariales. Cree un \u00fanico panel de control para administrar la utilizaci\u00f3n del cliente a escala y potencie sus soluciones de una forma r\u00e1pida.<\/p>\n<\/div><\/div><\/div><\/div><\/div><\/div><\/div><\/div><\/div><\/div><\/p>\n","protected":false},"excerpt":{"rendered":"","protected":false},"author":1,"featured_media":0,"parent":0,"menu_order":0,"comment_status":"closed","ping_status":"closed","template":"100-width.php","meta":{"footnotes":""},"_links":{"self":[{"href":"https:\/\/www.meltsan.us\/2022\/wp-json\/wp\/v2\/pages\/13719"}],"collection":[{"href":"https:\/\/www.meltsan.us\/2022\/wp-json\/wp\/v2\/pages"}],"about":[{"href":"https:\/\/www.meltsan.us\/2022\/wp-json\/wp\/v2\/types\/page"}],"author":[{"embeddable":true,"href":"https:\/\/www.meltsan.us\/2022\/wp-json\/wp\/v2\/users\/1"}],"replies":[{"embeddable":true,"href":"https:\/\/www.meltsan.us\/2022\/wp-json\/wp\/v2\/comments?post=13719"}],"version-history":[{"count":3,"href":"https:\/\/www.meltsan.us\/2022\/wp-json\/wp\/v2\/pages\/13719\/revisions"}],"predecessor-version":[{"id":15776,"href":"https:\/\/www.meltsan.us\/2022\/wp-json\/wp\/v2\/pages\/13719\/revisions\/15776"}],"wp:attachment":[{"href":"https:\/\/www.meltsan.us\/2022\/wp-json\/wp\/v2\/media?parent=13719"}],"curies":[{"name":"wp","href":"https:\/\/api.w.org\/{rel}","templated":true}]}}