{"id":14673,"date":"2023-01-12T00:31:42","date_gmt":"2023-01-12T00:31:42","guid":{"rendered":"http:\/\/www.meltsan.us\/2022\/?page_id=14673"},"modified":"2023-08-13T07:05:57","modified_gmt":"2023-08-13T07:05:57","slug":"banca","status":"publish","type":"page","link":"https:\/\/www.meltsan.us\/2022\/banca\/","title":{"rendered":"Banca"},"content":{"rendered":"<div class=\"fusion-fullwidth fullwidth-box fusion-builder-row-1 fusion-flex-container has-pattern-background has-mask-background nonhundred-percent-fullwidth non-hundred-percent-height-scrolling\" style=\"--awb-border-radius-top-left:0px;--awb-border-radius-top-right:0px;--awb-border-radius-bottom-right:0px;--awb-border-radius-bottom-left:0px;--awb-flex-wrap:wrap;\" ><div class=\"fusion-builder-row fusion-row fusion-flex-align-items-flex-start fusion-flex-content-wrap\" style=\"max-width:1248px;margin-left: calc(-4% \/ 2 );margin-right: calc(-4% \/ 2 );\"><div class=\"fusion-layout-column fusion_builder_column fusion-builder-column-0 fusion_builder_column_4_5 4_5 fusion-flex-column\" style=\"--awb-bg-size:cover;--awb-width-large:80%;--awb-margin-top-large:0px;--awb-spacing-right-large:2.4%;--awb-margin-bottom-large:0px;--awb-spacing-left-large:2.4%;--awb-width-medium:80%;--awb-order-medium:0;--awb-spacing-right-medium:2.4%;--awb-spacing-left-medium:2.4%;--awb-width-small:100%;--awb-order-small:0;--awb-spacing-right-small:1.92%;--awb-spacing-left-small:1.92%;\"><div class=\"fusion-column-wrapper fusion-column-has-shadow fusion-flex-justify-content-flex-start fusion-content-layout-column\"><div class=\"fusion-title title fusion-title-1 fusion-sep-none fusion-title-text fusion-title-size-two\" style=\"--awb-margin-top:20px;\"><h2 class=\"fusion-title-heading title-heading-left fusion-responsive-typography-calculated\" style=\"margin:0;--fontSize:35;line-height:var(--awb-typography1-line-height);\"><strong>AML FRD<\/strong><\/h2><\/div><div class=\"fusion-text fusion-text-1 fusion-text-no-margin\" style=\"--awb-content-alignment:justify;\"><h4><strong>Empresa:<\/strong> Fundaci\u00f3n Dond\u00e9<\/h4>\n<\/div><\/div><\/div><div class=\"fusion-layout-column fusion_builder_column fusion-builder-column-1 fusion_builder_column_1_5 1_5 fusion-flex-column\" style=\"--awb-bg-size:cover;--awb-width-large:20%;--awb-margin-top-large:0px;--awb-spacing-right-large:9.6%;--awb-margin-bottom-large:0px;--awb-spacing-left-large:0.96%;--awb-width-medium:20%;--awb-order-medium:0;--awb-spacing-right-medium:9.6%;--awb-spacing-left-medium:0.96%;--awb-width-small:100%;--awb-order-small:0;--awb-spacing-right-small:1.92%;--awb-spacing-left-small:1.92%;\"><div class=\"fusion-column-wrapper fusion-column-has-shadow fusion-flex-justify-content-flex-start fusion-content-layout-column\"><div class=\"fusion-text fusion-text-2\"><p><span style=\"color: #003366;\"><strong>Cliente: <\/strong><\/span>Fundaci\u00f3n Dond\u00e9<\/p>\n<p><span style=\"color: #003366;\"><strong>Sector: <\/strong><\/span>Banca<\/p>\n<p><span style=\"color: #003366;\"><b>Ubicaci\u00f3n: <\/b><\/span>M\u00e9xico<\/p>\n<\/div><\/div><\/div><div class=\"fusion-layout-column fusion_builder_column fusion-builder-column-2 fusion_builder_column_4_5 4_5 fusion-flex-column fusion-animated\" style=\"--awb-bg-size:cover;--awb-width-large:80%;--awb-margin-top-large:20px;--awb-spacing-right-large:2.4%;--awb-margin-bottom-large:20px;--awb-spacing-left-large:2.4%;--awb-width-medium:80%;--awb-order-medium:0;--awb-spacing-right-medium:2.4%;--awb-spacing-left-medium:2.4%;--awb-width-small:100%;--awb-order-small:0;--awb-spacing-right-small:1.92%;--awb-margin-bottom-small:50px;--awb-spacing-left-small:1.92%;\" data-animationType=\"fadeIn\" data-animationDuration=\"0.3\" data-animationOffset=\"top-into-view\"><div class=\"fusion-column-wrapper fusion-column-has-shadow fusion-flex-justify-content-center fusion-content-layout-column\"><div class=\"fusion-text fusion-text-3 fusion-text-no-margin\" style=\"--awb-content-alignment:justify;\"><h4>Challenge:<\/h4>\n<p>Implementaci\u00f3n de sistema Antimoney Laundering\u00a0 \u2013 AML en un ambiente CLOUD.<\/p>\n<\/div><div class=\"fusion-text fusion-text-4 fusion-text-no-margin\" style=\"--awb-content-alignment:justify;\"><h4>Soluci\u00f3n:<\/h4>\n<p>Stack: SALM v2, Java, Angular, Gradle, Jenkins Pipelines, Docker, Docker Swarm, SQL database, Service Principal, Kong gateway, Spring Core, Spring Web, ISTIO Gateway, ISTIO mtls, Floating IP.<\/p>\n<p>Microservices Architecture<\/p>\n<ul>\n<li>Creaci\u00f3n de arquitectura basada en\u00a0 microservicios con dise\u00f1o orientado a cross cutting concerns, y con caracter\u00edsticas para desplegarse de manera agn\u00f3stica en cualquier cluster de kubernetes tales como: \u00a0GKE, AKS, EKS, entre los m\u00e1s importantes a mencionar.<\/li>\n<li>Implementaci\u00f3n de dise\u00f1o de escalamiento horizontal de los microservicios REST y del microservicio consumidor de mensajes AMQP (Advanced Message Queuing Protocol).<\/li>\n<li>Dise\u00f1o de microservicios basados en patrones:\u00a0 AOP, MVC, Singleton, Prototype, Proxy Pattern.<\/li>\n<li>Dise\u00f1o de microservicios backend basados en frameworks tales como: python y java, Spring Core, Spring MVC, Spring Data, Spring Integration, Spring Batch, Spring Security, Spring Retry.<\/li>\n<li>Dise\u00f1o de microsevicios frontend basados en Single Page Applications SPA \u2013 frameworks tales como Angular y librer\u00edas customizadas para graficar y exportar reportes operativos.<\/li>\n<\/ul>\n<\/div><div class=\"fusion-text fusion-text-5 fusion-text-no-margin\" style=\"--awb-content-alignment:justify;\"><h4>Seguridad:<\/h4>\n<ul>\n<li>Uso de Gateway para validaci\u00f3n de token JWT basado en OAUTH.<\/li>\n<li>Uso de Gateway para controlar y despachar routeo de red hacia las diferentes aplicaciones distribuidas<\/li>\n<li>Uso de Gateway para manejar el ciclo de vida de APIs expuestas<\/li>\n<li>Uso de Gateway para manejo de Certificados SSL Cert<\/li>\n<li>Uso de Gateway para permitir salida al exterior y consumo de APIs fuera de la aplicaci\u00f3n (3er party Integration).<\/li>\n<li>Uso de Plataformas de plataforma identity and Access Management &#8211; IAM<\/li>\n<\/ul>\n<\/div><div class=\"fusion-text fusion-text-6 fusion-text-no-margin\" style=\"--awb-content-alignment:justify;\"><h4>Jenkins devops CI\/CD:<\/h4>\n<p>Uso de pipelines de CI\/CD para deployments en ambientes no productivos y productivos.<\/p>\n<\/div><div class=\"fusion-text fusion-text-7 fusion-text-no-margin\" style=\"--awb-content-alignment:justify;\"><h4>Metodolog\u00edas:<\/h4>\n<p>\u00c1giles basadas en herramientas Azure boards, con visualizaci\u00f3n de PKI\u2019s cutomizados.<\/p>\n<\/div><div class=\"fusion-image-element \" style=\"--awb-caption-title-font-family:var(--h2_typography-font-family);--awb-caption-title-font-weight:var(--h2_typography-font-weight);--awb-caption-title-font-style:var(--h2_typography-font-style);--awb-caption-title-size:var(--h2_typography-font-size);--awb-caption-title-transform:var(--h2_typography-text-transform);--awb-caption-title-line-height:var(--h2_typography-line-height);--awb-caption-title-letter-spacing:var(--h2_typography-letter-spacing);\"><span class=\" fusion-imageframe imageframe-none imageframe-1 hover-type-none\"><img decoding=\"async\" width=\"2174\" height=\"1029\" title=\"fundacion-d\" src=\"http:\/\/www.meltsan.us\/2022\/wp-content\/uploads\/2023\/01\/fundacion-d.jpg\" alt class=\"img-responsive wp-image-14697\" srcset=\"https:\/\/www.meltsan.us\/2022\/wp-content\/uploads\/2023\/01\/fundacion-d-200x95.jpg 200w, https:\/\/www.meltsan.us\/2022\/wp-content\/uploads\/2023\/01\/fundacion-d-400x189.jpg 400w, https:\/\/www.meltsan.us\/2022\/wp-content\/uploads\/2023\/01\/fundacion-d-600x284.jpg 600w, https:\/\/www.meltsan.us\/2022\/wp-content\/uploads\/2023\/01\/fundacion-d-800x379.jpg 800w, https:\/\/www.meltsan.us\/2022\/wp-content\/uploads\/2023\/01\/fundacion-d-1200x568.jpg 1200w, https:\/\/www.meltsan.us\/2022\/wp-content\/uploads\/2023\/01\/fundacion-d.jpg 2174w\" sizes=\"(max-width: 640px) 100vw, 1200px\" \/><\/span><\/div><\/div><\/div><div class=\"fusion-layout-column fusion_builder_column fusion-builder-column-3 fusion_builder_column_1_5 1_5 fusion-flex-column\" style=\"--awb-bg-size:cover;--awb-width-large:20%;--awb-margin-top-large:0px;--awb-spacing-right-large:9.6%;--awb-margin-bottom-large:20px;--awb-spacing-left-large:9.6%;--awb-width-medium:20%;--awb-order-medium:0;--awb-spacing-right-medium:9.6%;--awb-spacing-left-medium:9.6%;--awb-width-small:100%;--awb-order-small:0;--awb-spacing-right-small:1.92%;--awb-spacing-left-small:1.92%;\"><div class=\"fusion-column-wrapper fusion-column-has-shadow fusion-flex-justify-content-flex-start fusion-content-layout-column\"><\/div><\/div><\/div><\/div>\n","protected":false},"excerpt":{"rendered":"","protected":false},"author":1,"featured_media":0,"parent":0,"menu_order":0,"comment_status":"closed","ping_status":"closed","template":"","meta":{"footnotes":""},"_links":{"self":[{"href":"https:\/\/www.meltsan.us\/2022\/wp-json\/wp\/v2\/pages\/14673"}],"collection":[{"href":"https:\/\/www.meltsan.us\/2022\/wp-json\/wp\/v2\/pages"}],"about":[{"href":"https:\/\/www.meltsan.us\/2022\/wp-json\/wp\/v2\/types\/page"}],"author":[{"embeddable":true,"href":"https:\/\/www.meltsan.us\/2022\/wp-json\/wp\/v2\/users\/1"}],"replies":[{"embeddable":true,"href":"https:\/\/www.meltsan.us\/2022\/wp-json\/wp\/v2\/comments?post=14673"}],"version-history":[{"count":6,"href":"https:\/\/www.meltsan.us\/2022\/wp-json\/wp\/v2\/pages\/14673\/revisions"}],"predecessor-version":[{"id":15872,"href":"https:\/\/www.meltsan.us\/2022\/wp-json\/wp\/v2\/pages\/14673\/revisions\/15872"}],"wp:attachment":[{"href":"https:\/\/www.meltsan.us\/2022\/wp-json\/wp\/v2\/media?parent=14673"}],"curies":[{"name":"wp","href":"https:\/\/api.w.org\/{rel}","templated":true}]}}