{"id":1596,"date":"2022-09-05T18:33:59","date_gmt":"2022-09-05T18:33:59","guid":{"rendered":"http:\/\/www.meltsan.us\/2022\/?page_id=1596"},"modified":"2023-07-10T04:21:53","modified_gmt":"2023-07-10T04:21:53","slug":"aviso-de-privacidad","status":"publish","type":"page","link":"https:\/\/www.meltsan.us\/2022\/aviso-de-privacidad\/","title":{"rendered":"Aviso de Privacidad"},"content":{"rendered":"<p><div class=\"fusion-fullwidth fullwidth-box fusion-builder-row-1 fusion-flex-container nonhundred-percent-fullwidth non-hundred-percent-height-scrolling\" style=\"--awb-border-radius-top-left:0px;--awb-border-radius-top-right:0px;--awb-border-radius-bottom-right:0px;--awb-border-radius-bottom-left:0px;--awb-flex-wrap:wrap;\" ><div class=\"fusion-builder-row fusion-row fusion-flex-align-items-flex-start fusion-flex-content-wrap\" style=\"max-width:1248px;margin-left: calc(-4% \/ 2 );margin-right: calc(-4% \/ 2 );\"><div class=\"fusion-layout-column fusion_builder_column fusion-builder-column-0 fusion_builder_column_1_1 1_1 fusion-flex-column\" style=\"--awb-bg-blend:overlay;--awb-bg-size:cover;--awb-width-large:100%;--awb-margin-top-large:0px;--awb-spacing-right-large:1.92%;--awb-margin-bottom-large:0px;--awb-spacing-left-large:1.92%;--awb-width-medium:100%;--awb-spacing-right-medium:1.92%;--awb-spacing-left-medium:1.92%;--awb-width-small:100%;--awb-spacing-right-small:1.92%;--awb-spacing-left-small:1.92%;\"><div class=\"fusion-column-wrapper fusion-flex-justify-content-flex-start fusion-content-layout-column\"><div class=\"fusion-text fusion-text-1\" style=\"--awb-content-alignment:justify;--awb-text-color:var(--awb-color7);\"><p><strong>MELTSAN SOLUTIONS S.A. DE C.V.<\/strong>\u00a0con domicilio ubicado en <strong>Miguel Ocaranza No. 165, Colonia Merced G\u00f3mez, Delegaci\u00f3n Alvaro Obreg\u00f3n\u00a0 C.P 01600, CDMX.,<\/strong>\u00a0al momento de recabar sus datos personales, es responsable del uso que se les d\u00e9 a los mismos y de su protecci\u00f3n.<\/p>\n<p>Atendiendo el tema de privacidad, en relaci\u00f3n y cumplimiento de la Ley Federal de Protecci\u00f3n de Datos Personales en Posesi\u00f3n de los Particulares (LFDPPP), dentro de los art\u00edculos 8, 15, 16 y 36 de esta Ley; nuestra Empresa pone a su disposici\u00f3n el siguiente aviso de privacidad el cual como usuario, suscriptor, cliente, proveedor, y en general, para cualquier persona que por cualquier motivo nos proporcione sus datos personales, deber\u00e1 de consentir o rechazar para el manejo de la informaci\u00f3n que se le requiere.<\/p>\n<p>El presente aviso de privacidad aplica para cualquier informaci\u00f3n, datos personales y\/o sensibles que hayan sido transferidos al\u00a0<strong>MELTSAN SOLUTIONS S.A. DE C.V.<\/strong>, para la ejecuci\u00f3n de los servicios administrativos y todos aquellos servicios que ofrece esta empresa. Comprometi\u00e9ndose a que la informaci\u00f3n que sea tratada ser\u00e1 \u00fanica y exclusivamente para los servicios especificados, as\u00ed como estar\u00e1 bajo las m\u00e1s estrictas medidas de seguridad que garanticen su confidencialidad.<\/p>\n<p>Aceptando que de consentir dicho aviso de privacidad a la empresa\u00a0<strong>MELTSAN SOLUTIONS S.A. DE C.V.<\/strong>\u00a0est\u00e1 facultado para la recopilaci\u00f3n, uso, transferencia y almacenamiento de informaci\u00f3n personal tal y como se establece en el presente documento. Siendo que\u00a0<strong>MELTSAN SOLUTIONS S.A. DE C.V.<\/strong>\u00a0\u00fanicamente utilizar\u00e1 los datos que se obtengan por el mismo para identificarle y ubicarle, y as\u00ed proveer los servicios y productos que ha solicitado, informarle sobre cambios en los mismos, evaluar la calidad del servicio que le brindamos y enviarle documentaci\u00f3n e informaci\u00f3n relacionada con el servicio o producto. Para las finalidades antes mencionadas, le podemos solicitar informaci\u00f3n personal, que var\u00eda seg\u00fan el caso, relativa a: su nombre, direcci\u00f3n, fecha de nacimiento; lugar de nacimiento; estado civil; ocupaci\u00f3n; CURP, Registro Federal de Contribuyentes (R.F.C.), su correo electr\u00f3nico y n\u00famero telef\u00f3nico; todos ellos datos que no son considerados como sensibles, seg\u00fan la Ley Federal de Protecci\u00f3n de Datos Personales en Posesi\u00f3n de los Particulares (LFDPPP).<\/p>\n<p>Adem\u00e1s de los datos anteriores, igualmente, al navegar el sitio de Internet se recopila de manera autom\u00e1tica informaci\u00f3n del equipo de c\u00f3mputo usado, tal como direcci\u00f3n IP, horas de acceso, p\u00e1ginas visitadas en el sitio, fecha, tipo de navegador usado, URL, sitio web desde el que ha llegado, ubicaci\u00f3n y duraci\u00f3n de la visita. Toda esta informaci\u00f3n recopilada de manera autom\u00e1tica se utiliza para fines de estad\u00edstica en relaci\u00f3n a los usuarios y p\u00e1ginas que visitan dentro del sitio y as\u00ed establecer pol\u00edticas orientadas al mejoramiento del funcionamiento e informaci\u00f3n proporcionada por la p\u00e1gina web, as\u00ed como para detectar posibles abusos en el servicio prestado.<\/p>\n<p>Es importante informarle que usted tiene derecho al acceso, rectificaci\u00f3n y cancelaci\u00f3n de sus datos personales, a oponerse al tratamiento de los mismos o a revocar el consentimiento que para dicho fin nos haya otorgado. Para ello, es necesario que dirija la solicitud en los t\u00e9rminos que marca la Ley Federal de Protecci\u00f3n de Datos Personales en Posesi\u00f3n de los Particulares (LFDPPP) en su Art. 29 al domicilio ubicado en <strong>Miguel Ocaranza 165, Colonia Merced G\u00f3mez, Delegaci\u00f3n Alvaro Obreg\u00f3n, C.P 01600, CDMX<\/strong>.,<strong>\u00a0<\/strong>el cual podr\u00edamos solicitar v\u00eda telef\u00f3nica para garantizar su correcta recepci\u00f3n.<\/p>\n<p>En caso de que no obtengamos su oposici\u00f3n expresa para que sus datos personales sean transferidos en la forma y t\u00e9rminos antes descrita, entenderemos que ha otorgado su consentimiento en forma t\u00e1cita para ello. En caso de que no desee de recibir mensajes promocionales de nuestra parte, puede enviarnos su solicitud al domicilio ubicado en en <strong>Miguel Ocaranza 165, Colonia Merced G\u00f3mez, Delegaci\u00f3n Alvaro Obreg\u00f3n, C.P 01600, CDMX<\/strong>., este acto, por su propio derecho, se da por enterado y da su consentimiento para que sus datos personales sensibles y personales sean utilizados para las finalidades necesarias para la relaci\u00f3n jur\u00eddica con la empresa.<\/p>\n<\/div><\/div><\/div><\/div><\/div><div class=\"fusion-fullwidth fullwidth-box fusion-builder-row-2 fusion-flex-container has-pattern-background has-mask-background nonhundred-percent-fullwidth non-hundred-percent-height-scrolling\" style=\"--awb-border-radius-top-left:0px;--awb-border-radius-top-right:0px;--awb-border-radius-bottom-right:0px;--awb-border-radius-bottom-left:0px;--awb-flex-wrap:wrap;\" ><div class=\"fusion-builder-row fusion-row fusion-flex-align-items-flex-start fusion-flex-content-wrap\" style=\"max-width:1248px;margin-left: calc(-4% \/ 2 );margin-right: calc(-4% \/ 2 );\"><\/div><\/div><\/p>\n","protected":false},"excerpt":{"rendered":"","protected":false},"author":1,"featured_media":0,"parent":0,"menu_order":0,"comment_status":"closed","ping_status":"closed","template":"100-width.php","meta":{"footnotes":""},"_links":{"self":[{"href":"https:\/\/www.meltsan.us\/2022\/wp-json\/wp\/v2\/pages\/1596"}],"collection":[{"href":"https:\/\/www.meltsan.us\/2022\/wp-json\/wp\/v2\/pages"}],"about":[{"href":"https:\/\/www.meltsan.us\/2022\/wp-json\/wp\/v2\/types\/page"}],"author":[{"embeddable":true,"href":"https:\/\/www.meltsan.us\/2022\/wp-json\/wp\/v2\/users\/1"}],"replies":[{"embeddable":true,"href":"https:\/\/www.meltsan.us\/2022\/wp-json\/wp\/v2\/comments?post=1596"}],"version-history":[{"count":1,"href":"https:\/\/www.meltsan.us\/2022\/wp-json\/wp\/v2\/pages\/1596\/revisions"}],"predecessor-version":[{"id":15728,"href":"https:\/\/www.meltsan.us\/2022\/wp-json\/wp\/v2\/pages\/1596\/revisions\/15728"}],"wp:attachment":[{"href":"https:\/\/www.meltsan.us\/2022\/wp-json\/wp\/v2\/media?parent=1596"}],"curies":[{"name":"wp","href":"https:\/\/api.w.org\/{rel}","templated":true}]}}